{"id":76579,"date":"2017-04-11T10:52:12","date_gmt":"2017-04-11T03:52:12","guid":{"rendered":"http:\/\/www.vimacsecurity.com\/wp\/homepage-11\/"},"modified":"2018-03-22T16:47:38","modified_gmt":"2018-03-22T15:47:38","slug":"homepage-11","status":"publish","type":"page","link":"https:\/\/www.vimacsecurity.com\/de\/","title":{"rendered":"Homepage"},"content":{"rendered":"<section class=\"wpb-content-wrapper\"><p>[vc_row type=&#8220;full_width&#8220;][vc_column][rev_slider_vc alias=&#8220;slider-homepage-desktop-de&#8220;][\/vc_column][\/vc_row][vc_row type=&#8220;full_width&#8220;][vc_column][vc_empty_space height=&#8220;15px&#8220;][\/vc_column][\/vc_row][vc_row equal_height=&#8220;yes&#8220;][vc_column css=&#8220;.vc_custom_1499758554717{padding-right: 20px !important;padding-left: 20px !important;}&#8220;][vc_column_text]<\/p>\n<h1 class=\"openTITLE\">VIMAC <span style=\"color: #d33317;\">SECURITY<\/span><\/h1>\n<p>[\/vc_column_text][vc_custom_heading text=&#8220;\u00dcber 30 Jahre Erfahrung im Dienste Ihrer Sicherheit.&#8220; font_container=&#8220;tag:h2|font_size:30|text_align:left|color:%23d33317|line_height:100%25&#8243; use_theme_fonts=&#8220;yes&#8220; css=&#8220;.vc_custom_1516000956761{margin-bottom: 15px !important;}&#8220;][vc_column_text]<strong>Vimac Security<\/strong> \u2013 eine Abteilung der <strong>Alfa Elettronica Srl<\/strong> \u2013 ist ein italienweit anerkanntes Unternehmen im Bereich professioneller Alarmanlagen mit Sitz und Produktionsst\u00e4tte in Pordenone. Sein industrieller Weitblick hat zu einem beachtlichen Bekanntheitsgrad gef\u00fchrt, der im Laufe der Zeit durch den Vertrieb von Wireless-Produkten immer weiter anstieg.<br \/>\nIn den achtziger Jahren brachte Vimac Security zwei bedeutende drahtlose Systeme auf den Markt: Das erste mit 300 MHz reagiert besonders schnell, das zweite System mit dem Namen DK besteht aus Zentralen, Sensoren und Sendern und wurde eigens f\u00fcr den Markt der professionellen Sicherheitstechnik entwickelt&#8230;[\/vc_column_text][vc_empty_space height=&#8220;60px&#8220;][vc_btn title=&#8220; Entdecken Sie unser Unternehmen \u00bb &#8220; style=&#8220;outline&#8220; shape=&#8220;square&#8220; color=&#8220;danger&#8220; link=&#8220;url:http%3A%2F%2Fwww.vimacsecurity.com%2Fwp%2Fde%2Funternehmen%2Fstruktur%2F|||&#8220; el_class=&#8220;mainBTSgrey&#8220;][\/vc_column][\/vc_row][vc_row type=&#8220;full_width&#8220;][vc_column][vc_empty_space height=&#8220;60px&#8220;][\/vc_column][\/vc_row][vc_row row_type=&#8220;parallax&#8220; css=&#8220;.vc_custom_1499755099939{padding-top: 80px !important;padding-bottom: 80px !important;background-image: url(http:\/\/www.vimacsecurity.com\/wp-content\/uploads\/2017\/07\/vimac-parallax-1920&#215;700-home.jpg?id=75148) !important;background-position: center !important;background-repeat: no-repeat !important;background-size: cover !important;}&#8220; el_class=&#8220;align-center&#8220;][vc_column][vc_custom_heading text=&#8220;PRODUKTREIHEN&#8220; font_container=&#8220;tag:h2|font_size:20|text_align:center|color:%23ffffff|line_height:100%25&#8243; use_theme_fonts=&#8220;yes&#8220;][vc_custom_heading text=&#8220;VERDRAHTET ODER WIRELESS?&#8220; font_container=&#8220;tag:h1|font_size:50px|text_align:center|color:%23ffffff|line_height:100%25&#8243; use_theme_fonts=&#8220;yes&#8220; css=&#8220;.vc_custom_1511277095082{padding-bottom: 10px !important;}&#8220;][vc_column_text el_class=&#8220;textHIGHLIGHT white&#8220;]<\/p>\n<p style=\"text-align: center;\">Zwei Produktreihen, eine davon verdrahtet (<strong>Blue Sentinel<\/strong>), die andere drahtlos (zwei alternative Angebote durch die Marken Awacs und <strong>Awacs Platinum<\/strong>): Das sind die Angebot von Vimac Security, die entwickelt und hergestellt wurden, um alle Kundenw\u00fcnsche zu erf\u00fcllen.<\/p>\n<p>[\/vc_column_text][\/vc_column][\/vc_row][vc_row css=&#8220;.vc_custom_1504010591262{background-color: #f9f9f9 !important;}&#8220;][vc_column][vc_row_inner][vc_column_inner][vc_empty_space height=&#8220;80px&#8220;][\/vc_column_inner][\/vc_row_inner][vc_row_inner][vc_column_inner width=&#8220;1\/2&#8243; css=&#8220;.vc_custom_1499758443528{padding-right: 20px !important;padding-left: 20px !important;}&#8220;][vc_single_image image=&#8220;75138&#8243; img_size=&#8220;full&#8220; alignment=&#8220;center&#8220;][vc_empty_space height=&#8220;15px&#8220;][vc_custom_heading text=&#8220;Awacs Platinum&#8220; font_container=&#8220;tag:h3|font_size:35|text_align:center|color:%23373737|line_height:100%25&#8243; use_theme_fonts=&#8220;yes&#8220; css=&#8220;.vc_custom_1501233111018{padding-bottom: 15px !important;}&#8220;][vc_column_text el_class=&#8220;range-hp&#8220;]<\/p>\n<p style=\"text-align: center;\">Awacs ist der Ausgangspunkt f\u00fcr Platinum, der perfektionierten<br \/>\nWeiterentwicklung der Vorg\u00e4ngerproduktreihe,<br \/>\nbei der neben die bekannte Zuverl\u00e4ssigkeit neue,<br \/>\ninteressante Anregungen f\u00fcr Technik und Design treten.<\/p>\n<p>[\/vc_column_text][vc_empty_space height=&#8220;15px&#8220;][vc_btn title=&#8220;Entdecken Sie unser Produktreihen WIRELESS \u00bb&#8220; style=&#8220;outline&#8220; shape=&#8220;square&#8220; color=&#8220;primary&#8220; align=&#8220;center&#8220; link=&#8220;url:http%3A%2F%2Fwww.vimacsecurity.com%2Fwp%2Fde%2Fproduktreihen%2Fawacs-platinum%2F|||&#8220; el_class=&#8220;mainBTSblu&#8220;][\/vc_column_inner][vc_column_inner width=&#8220;1\/2&#8243; css=&#8220;.vc_custom_1499758449415{padding-right: 20px !important;padding-left: 20px !important;}&#8220;][vc_single_image image=&#8220;75139&#8243; img_size=&#8220;full&#8220; alignment=&#8220;center&#8220;][vc_empty_space height=&#8220;15px&#8220;][vc_custom_heading text=&#8220;Blue Sentinel&#8220; font_container=&#8220;tag:h3|font_size:35|text_align:center|color:%23373737|line_height:100%25&#8243; use_theme_fonts=&#8220;yes&#8220; css=&#8220;.vc_custom_1501233117489{padding-bottom: 15px !important;}&#8220;][vc_column_text el_class=&#8220;range-hp&#8220;]<\/p>\n<p style=\"text-align: center;\">BS8 ist ein neu entwickeltes verdrahtetes Ger\u00e4t zur Alarmverwaltung mit Mikroprozessor, ideal f\u00fcr Anlagen von mittlerer Gr\u00f6\u00dfe. Es k\u00f6nnen bis zu acht Alarmzonen verwaltet werden, die f\u00fcr die teilweise Verwaltung der Anlage den beiden Bereichen frei zuordenbar sind, ebenso zu einem Technikbereich.<\/p>\n<p>[\/vc_column_text][vc_empty_space height=&#8220;15px&#8220;][vc_btn title=&#8220;Entdecken Sie unser Produktreihen VERDRAHTET \u00bb&#8220; style=&#8220;outline&#8220; shape=&#8220;square&#8220; color=&#8220;primary&#8220; align=&#8220;center&#8220; link=&#8220;url:http%3A%2F%2Fwww.vimacsecurity.com%2Fwp%2Fde%2Fproduktreihen%2Fblue-sentinel%2F|||&#8220; el_class=&#8220;mainBTSblu&#8220;][\/vc_column_inner][\/vc_row_inner][vc_row_inner][vc_column_inner][vc_empty_space height=&#8220;80px&#8220;][\/vc_column_inner][\/vc_row_inner][\/vc_column][\/vc_row][vc_row type=&#8220;full_width&#8220;][vc_column][vc_column_text css=&#8220;.vc_custom_1516865882900{border-top-width: 1px !important;border-bottom-width: 1px !important;border-top-color: #ebebeb !important;border-top-style: solid !important;border-bottom-color: #ebebeb !important;border-bottom-style: solid !important;}&#8220;]<div id=\"metaslider-id-75266\" style=\"width: 100%;\" class=\"ml-slider-3-36-0 metaslider metaslider-flex metaslider-75266 ml-slider ms-theme-default nav-hidden\" role=\"region\" aria-roledescription=\"Slideshow\" aria-label=\"Slideshow\">\n    <div id=\"metaslider_container_75266\">\n        <div id=\"metaslider_75266\">\n            <ul aria-live=\"polite\" class=\"slides\">\n                <li style=\"display: none; width: 100%;\" class=\"slide-76328 ms-image\" aria-roledescription=\"slide\" aria-label=\"slide-76328\"><a href=\"\/de\/produktreihen\/awacs-platinum\/aps2\/\" target=\"_self\"><img src=\"https:\/\/www.vimacsecurity.com\/wp-content\/uploads\/2017\/08\/vimac-blue-sentinel-BS-2-1100x1100-300x300.jpg\" height=\"300\" width=\"300\" alt=\"\" class=\"slider-75266 slide-76328\" \/><\/a><\/li>\n                <li style=\"display: none; width: 100%;\" class=\"slide-76317 ms-image\" aria-roledescription=\"slide\" aria-label=\"slide-76317\"><a href=\"\/de\/produktreihen\/awacs-platinum\/ap5\/\" target=\"_self\"><img src=\"https:\/\/www.vimacsecurity.com\/wp-content\/uploads\/2017\/08\/vimac-awacs-platinum-AP5-1100x1100-300x300.jpg\" height=\"300\" width=\"300\" alt=\"\" class=\"slider-75266 slide-76317\" \/><\/a><\/li>\n                <li style=\"display: none; width: 100%;\" class=\"slide-76318 ms-image\" aria-roledescription=\"slide\" aria-label=\"slide-76318\"><a href=\"\/de\/produktreihen\/awacs-platinum\/ap64\/\" target=\"_self\"><img src=\"https:\/\/www.vimacsecurity.com\/wp-content\/uploads\/2017\/08\/vimac-awacs-platinum-AP64-1100x1100-300x300.jpg\" height=\"300\" width=\"300\" alt=\"\" class=\"slider-75266 slide-76318\" \/><\/a><\/li>\n                <li style=\"display: none; width: 100%;\" class=\"slide-76319 ms-image\" aria-roledescription=\"slide\" aria-label=\"slide-76319\"><a href=\"\/de\/produktreihen\/awacs-platinum\/apir4\/\" target=\"_self\"><img src=\"https:\/\/www.vimacsecurity.com\/wp-content\/uploads\/2017\/08\/vimac-awacs-platinum-APD4-1100x1100-300x300.jpg\" height=\"300\" width=\"300\" alt=\"\" class=\"slider-75266 slide-76319\" \/><\/a><\/li>\n                <li style=\"display: none; width: 100%;\" class=\"slide-76320 ms-image\" aria-roledescription=\"slide\" aria-label=\"slide-76320\"><a href=\"\/de\/produktreihen\/awacs-platinum\/apt1\/\" target=\"_self\"><img src=\"https:\/\/www.vimacsecurity.com\/wp-content\/uploads\/2017\/08\/vimac-awacs-platinum-APT1-1100x1100-300x300.jpg\" height=\"300\" width=\"300\" alt=\"\" class=\"slider-75266 slide-76320\" \/><\/a><\/li>\n                <li style=\"display: none; width: 100%;\" class=\"slide-76322 ms-image\" aria-roledescription=\"slide\" aria-label=\"slide-76322\"><a href=\"\/de\/produktreihen\/awacs-platinum\/apc-mini\/\" target=\"_self\"><img src=\"https:\/\/www.vimacsecurity.com\/wp-content\/uploads\/2017\/08\/vimac-awacs-platinum-APCmini-1100x1100-300x300.jpg\" height=\"300\" width=\"300\" alt=\"\" class=\"slider-75266 slide-76322\" \/><\/a><\/li>\n                <li style=\"display: none; width: 100%;\" class=\"slide-76323 ms-image\" aria-roledescription=\"slide\" aria-label=\"slide-76323\"><a href=\"\/de\/produktreihen\/blue-sentinel\/bs8\/\" target=\"_self\"><img src=\"https:\/\/www.vimacsecurity.com\/wp-content\/uploads\/2017\/08\/vimac-blue-sentinel-BS8-1100x1100-300x300.jpg\" height=\"300\" width=\"300\" alt=\"\" class=\"slider-75266 slide-76323\" \/><\/a><\/li>\n                <li style=\"display: none; width: 100%;\" class=\"slide-76326 ms-image\" aria-roledescription=\"slide\" aria-label=\"slide-76326\"><a href=\"\/de\/produktreihen\/blue-sentinel\/bs15\/\" target=\"_self\"><img src=\"https:\/\/www.vimacsecurity.com\/wp-content\/uploads\/2017\/08\/vimac-blue-sentinel-BS15-1100x1100-300x300.jpg\" height=\"300\" width=\"300\" alt=\"\" class=\"slider-75266 slide-76326\" \/><\/a><\/li>\n            <\/ul>\n        <\/div>\n        \n    <\/div>\n<\/div>[\/vc_column_text][\/vc_column][\/vc_row][vc_row css=&#8220;.vc_custom_1501159904952{padding-top: 80px !important;padding-bottom: 80px !important;background-image: url(http:\/\/www.vimacsecurity.com\/wp-content\/uploads\/2017\/04\/vimac-parallax-1920-vimac-light-adv.jpg?id=75498) !important;background-position: center !important;background-repeat: no-repeat !important;background-size: cover !important;}&#8220;][vc_column][vc_custom_heading text=&#8220;ZUVERL\u00c4SSIGKEIT&#8220; font_container=&#8220;tag:h1|font_size:40px|text_align:center|color:%23373737|line_height:100%25&#8243; use_theme_fonts=&#8220;yes&#8220;][vc_custom_heading text=&#8220;Eine Million verkaufter Teile weltweit&#8230;&#8220; font_container=&#8220;tag:h2|font_size:30|text_align:center|color:%23d33317|line_height:100%25&#8243; use_theme_fonts=&#8220;yes&#8220; css=&#8220;.vc_custom_1511282175572{margin-bottom: 15px !important;}&#8220;][vc_empty_space height=&#8220;30px&#8220;][vc_row_inner][vc_column_inner][vc_column_text el_class=&#8220;textHIGHLIGHT&#8220;]<\/p>\n<p style=\"text-align: center;\">&#8230; das ist f\u00fcr den Kunden die beste Garantie f\u00fcr Zuverl\u00e4ssigkeit. Von der Produktreihe Awacs wurden von <strong>Vimac<\/strong> sehr viele Teile verkauft, der Monatsdurchschnitt bel\u00e4uft sich fast auf zehntausend. Das Geheimnis? <strong>Effizienz, Zuverl\u00e4ssigkeit und technische Eigenschaften<\/strong>, die sich von denen der Mitbewerber abheben. Fixpunkte einer Herstellung, die von Endkunden gesch\u00e4tzt werden, aber auch von erfahrenen Monteuren, unserer wichtigsten tats\u00e4chlichen Schnittstelle.<\/p>\n<p>[\/vc_column_text][\/vc_column_inner][\/vc_row_inner][vc_row_inner el_class=&#8220;hidden&#8220;][vc_column_inner width=&#8220;3\/12&#8243; css=&#8220;.vc_custom_1499770541812{padding-right: 80px !important;padding-left: 80px !important;}&#8220;][\/vc_column_inner][vc_column_inner width=&#8220;6\/12&#8243;][vc_custom_heading text=&#8220;UNSERE MISSION&#8220; font_container=&#8220;tag:h2|font_size:20|text_align:center|color:%23d33417|line_height:100%25&#8243; use_theme_fonts=&#8220;yes&#8220;][vc_custom_heading text=&#8220;Die Bed\u00fcrfnisse der Kunden zu verstehen und zu erf\u00fcllen, und dabei Dienste mit Mehrwert anzubieten.&#8220; font_container=&#8220;tag:h4|font_size:20|text_align:center|color:%230a0a0a|line_height:100%25&#8243; use_theme_fonts=&#8220;yes&#8220; css=&#8220;.vc_custom_1511282509149{margin-bottom: 15px !important;}&#8220;][vc_custom_heading text=&#8220;St\u00e4ndige berufliche Weiterbildung, um effiziente und moderne Steuersysteme zu f\u00f6rdern.&#8220; font_container=&#8220;tag:h4|font_size:20|text_align:center|color:%230a0a0a|line_height:100%25&#8243; use_theme_fonts=&#8220;yes&#8220; css=&#8220;.vc_custom_1511282521264{margin-bottom: 15px !important;}&#8220;][vc_custom_heading text=&#8220;Konzentration auf technische Innovation, um die Effizienz der Produkte auf ein immer h\u00f6heres Niveau zu bringen.&#8220; font_container=&#8220;tag:h4|font_size:20|text_align:center|color:%230a0a0a|line_height:100%25&#8243; use_theme_fonts=&#8220;yes&#8220; css=&#8220;.vc_custom_1511282535541{margin-bottom: 15px !important;}&#8220;][\/vc_column_inner][vc_column_inner width=&#8220;3\/12&#8243;][\/vc_column_inner][\/vc_row_inner][\/vc_column][\/vc_row][vc_row css=&#8220;.vc_custom_1501159091444{padding-top: 100px !important;}&#8220;][vc_column][vc_custom_heading text=&#8220;NEWS&#8220; font_container=&#8220;tag:h1|font_size:40px|text_align:center|color:%23373737|line_height:100%25&#8243; use_theme_fonts=&#8220;yes&#8220;][vc_custom_heading text=&#8220;Die letzten Neuheiten aus der Welt Vimac Security.&#8220; font_container=&#8220;tag:h2|font_size:30|text_align:center|color:%23d33317|line_height:100%25&#8243; use_theme_fonts=&#8220;yes&#8220; css=&#8220;.vc_custom_1516348938402{margin-bottom: 15px !important;}&#8220;][vc_column_text]<div class=\"col-md-4 col-sm-12 hp-news\"><div class=\"hp-news-img\">\t\t<a href=\"https:\/\/www.vimacsecurity.com\/de\/news-de\/neue-alarmsirene-vimac-design-und-funktionalitaet-2\/\" target=\"_blank\" class=\"hp-news-img-a\"><img src=\"https:\/\/www.vimacsecurity.com\/wp-content\/uploads\/2017\/07\/vimac-news-2016-10-01.jpg\"\/><\/a><\/div><div class=\"hp-news-infobox\">\t\t<a href=\"https:\/\/www.vimacsecurity.com\/de\/news-de\/neue-alarmsirene-vimac-design-und-funktionalitaet-2\/\" target=\"_blank\" class=\"hp-news-title\">Neue Alarmsirene Vimac: Design und Funktionalit\u00e4t<\/a>\t\t<a href=\"https:\/\/www.vimacsecurity.com\/de\/news-de\/neue-alarmsirene-vimac-design-und-funktionalitaet-2\/\" target=\"_blank\" class=\"hp-news-excerpt\">Die neue Alarmsirene aus dem Haus Vimac basiert auf einer sorgf\u00e4ltigen Studie im Bezug auf ein gleicherma\u00dfen \u00e4sthetisches und funktionelles Design...<\/a>\t\t<a href=\"https:\/\/www.vimacsecurity.com\/de\/news-de\/neue-alarmsirene-vimac-design-und-funktionalitaet-2\/\" target=\"_blank\" class=\"hp-news-button\">Weiterlesen<\/a><\/div><\/div><div class=\"col-md-4 col-sm-12 hp-news\"><div class=\"hp-news-img\">\t\t<a href=\"https:\/\/www.vimacsecurity.com\/de\/news-de\/auch-2016-setzt-sich-der-positive-trend-der-gruppe-fort\/\" target=\"_blank\" class=\"hp-news-img-a\"><img src=\"https:\/\/www.vimacsecurity.com\/wp-content\/uploads\/2016\/01\/vimac-news-alfa-elettronica.jpg\"\/><\/a><\/div><div class=\"hp-news-infobox\">\t\t<a href=\"https:\/\/www.vimacsecurity.com\/de\/news-de\/auch-2016-setzt-sich-der-positive-trend-der-gruppe-fort\/\" target=\"_blank\" class=\"hp-news-title\">Auch 2016 setzt sich der positive Trend der Gruppe fort<\/a>\t\t<a href=\"https:\/\/www.vimacsecurity.com\/de\/news-de\/auch-2016-setzt-sich-der-positive-trend-der-gruppe-fort\/\" target=\"_blank\" class=\"hp-news-excerpt\">Auch im ersten Trimester des Jahres best\u00e4tigt sich jener\u00a0positive Wachstumstrend, der bereits die letzten Monate des Jahres 2015 kennzeichnete....<\/a>\t\t<a href=\"https:\/\/www.vimacsecurity.com\/de\/news-de\/auch-2016-setzt-sich-der-positive-trend-der-gruppe-fort\/\" target=\"_blank\" class=\"hp-news-button\">Weiterlesen<\/a><\/div><\/div><div class=\"col-md-4 col-sm-12 hp-news\"><div class=\"hp-news-img\">\t\t<a href=\"https:\/\/www.vimacsecurity.com\/de\/news-de\/mit-whatsapp-bietet-vimac-weit-mehr-als-nur-eine-einfache-infoline\/\" target=\"_blank\" class=\"hp-news-img-a\"><img src=\"https:\/\/www.vimacsecurity.com\/wp-content\/uploads\/2018\/01\/vimac-news-whatsapp.jpg\"\/><\/a><\/div><div class=\"hp-news-infobox\">\t\t<a href=\"https:\/\/www.vimacsecurity.com\/de\/news-de\/mit-whatsapp-bietet-vimac-weit-mehr-als-nur-eine-einfache-infoline\/\" target=\"_blank\" class=\"hp-news-title\">Mit WhatsApp bietet Vimac weit mehr als nur eine einfache infoline<\/a>\t\t<a href=\"https:\/\/www.vimacsecurity.com\/de\/news-de\/mit-whatsapp-bietet-vimac-weit-mehr-als-nur-eine-einfache-infoline\/\" target=\"_blank\" class=\"hp-news-excerpt\">Bereits seit einiger Zeit hat Vimac eine\u00a0telefonische Infoline\u00a0eingerichtet, um einen immer fl\u00e4chendeckenderen und unmittelbareren technischen Servicedienst zu garantieren....<\/a>\t\t<a href=\"https:\/\/www.vimacsecurity.com\/de\/news-de\/mit-whatsapp-bietet-vimac-weit-mehr-als-nur-eine-einfache-infoline\/\" target=\"_blank\" class=\"hp-news-button\">Weiterlesen<\/a><\/div><\/div>[\/vc_column_text][\/vc_column][\/vc_row][vc_row][vc_column][vc_empty_space height=&#8220;120px&#8220;][\/vc_column][\/vc_row]<\/p>\n<\/section>","protected":false},"excerpt":{"rendered":"<p>[vc_row type=&#8220;full_width&#8220;][vc_column][rev_slider_vc alias=&#8220;slider-homepage-desktop-de&#8220;][\/vc_column][\/vc_row][vc_row type=&#8220;full_width&#8220;][vc_column][vc_empty_space height=&#8220;15px&#8220;][\/vc_column][\/vc_row][vc_row equal_height=&#8220;yes&#8220;][vc_column css=&#8220;.vc_custom_1499758554717{padding-right: 20px !important;padding-left: 20px !important;}&#8220;][vc_column_text] VIMAC SECURITY [\/vc_column_text][vc_custom_heading text=&#8220;\u00dcber 30 Jahre Erfahrung im Dienste Ihrer Sicherheit.&#8220; font_container=&#8220;tag:h2|font_size:30|text_align:left|color:%23d33317|line_height:100%25&#8243; use_theme_fonts=&#8220;yes&#8220; css=&#8220;.vc_custom_1516000956761{margin-bottom: 15px !important;}&#8220;][vc_column_text]Vimac Security \u2013 eine Abteilung der Alfa Elettronica Srl \u2013 ist ein italienweit anerkanntes Unternehmen im Bereich professioneller Alarmanlagen mit Sitz und Produktionsst\u00e4tte in Pordenone. Sein industrieller Weitblick hat [&hellip;]<\/p>\n","protected":false},"author":1,"featured_media":0,"parent":0,"menu_order":0,"comment_status":"closed","ping_status":"closed","template":"","meta":{"footnotes":""},"acf":[],"_links":{"self":[{"href":"https:\/\/www.vimacsecurity.com\/de\/wp-json\/wp\/v2\/pages\/76579"}],"collection":[{"href":"https:\/\/www.vimacsecurity.com\/de\/wp-json\/wp\/v2\/pages"}],"about":[{"href":"https:\/\/www.vimacsecurity.com\/de\/wp-json\/wp\/v2\/types\/page"}],"author":[{"embeddable":true,"href":"https:\/\/www.vimacsecurity.com\/de\/wp-json\/wp\/v2\/users\/1"}],"replies":[{"embeddable":true,"href":"https:\/\/www.vimacsecurity.com\/de\/wp-json\/wp\/v2\/comments?post=76579"}],"version-history":[{"count":1,"href":"https:\/\/www.vimacsecurity.com\/de\/wp-json\/wp\/v2\/pages\/76579\/revisions"}],"predecessor-version":[{"id":80198,"href":"https:\/\/www.vimacsecurity.com\/de\/wp-json\/wp\/v2\/pages\/76579\/revisions\/80198"}],"wp:attachment":[{"href":"https:\/\/www.vimacsecurity.com\/de\/wp-json\/wp\/v2\/media?parent=76579"}],"curies":[{"name":"wp","href":"https:\/\/api.w.org\/{rel}","templated":true}]}}