{"id":76592,"date":"2017-07-26T09:01:58","date_gmt":"2017-07-26T07:01:58","guid":{"rendered":"http:\/\/www.vimacsecurity.com\/wp\/azienda__trashed\/ricerca-e-sviluppo\/"},"modified":"2018-01-15T10:46:26","modified_gmt":"2018-01-15T09:46:26","slug":"standige-innovation-und-forschung","status":"publish","type":"page","link":"https:\/\/www.vimacsecurity.com\/de\/unternehmen\/standige-innovation-und-forschung\/","title":{"rendered":"R&#038;D"},"content":{"rendered":"<section class=\"wpb-content-wrapper\"><p>[vc_row type=&#8220;full_width&#8220;][vc_column][rev_slider_vc alias=&#8220;slider-azienda-rd-de&#8220;][\/vc_column][\/vc_row][vc_row type=&#8220;full_width&#8220;][vc_column][vc_empty_space height=&#8220;15px&#8220;][\/vc_column][\/vc_row][vc_row el_class=&#8220;prima-riga-interna&#8220;][vc_column][vc_row_inner][vc_column_inner][vc_custom_heading text=&#8220;St\u00e4ndige Innovation &#8220; font_container=&#8220;tag:h1|font_size:45px|text_align:left|color:%23373737|line_height:100%25&#8243; use_theme_fonts=&#8220;yes&#8220; el_class=&#8220;innermaintitle&#8220;][vc_custom_heading text=&#8220;und Forschung&#8220; font_container=&#8220;tag:h2|font_size:30|text_align:left|color:%23d33317|line_height:100%25&#8243; use_theme_fonts=&#8220;yes&#8220; el_class=&#8220;innersubtitle&#8220;][vc_empty_space height=&#8220;30px&#8220;][vc_column_text]Innovation bedeutet Rationalisierung, Vereinfachung, ein Prinzip, das schon immer Grundlage f\u00fcr die Philosophie von Vimac war. Das Unternehmen investiert in <strong>Forschung und Entwicklung<\/strong> drei\u00dfig Prozent des Stellenplans &#8211; dies entspricht einem j\u00e4hrlichen Wert von drei\u00dfig Weiterbildungsstunden pro Kopf &#8211; und einen schwankenden Betrag zwischen sechs und acht Prozent seines Umsatzes.[\/vc_column_text][\/vc_column_inner][\/vc_row_inner][vc_row_inner][vc_column_inner][vc_empty_space height=&#8220;30px&#8220;][vc_separator][vc_empty_space height=&#8220;30px&#8220;][\/vc_column_inner][\/vc_row_inner][vc_row_inner][vc_column_inner width=&#8220;1\/2&#8243;][vc_column_text]Dieses spezielle Know-how wirkt sich auch auf das Gebiet aus, in dem Vimac seinen Sitz hat: Beispiele dazu findet man in der guten und erfolgreichen Zusammenarbeit mit <strong>Assosicurezza<\/strong> und dem <strong>Technologiezentrum von Pordenone<\/strong>.[\/vc_column_text][\/vc_column_inner][vc_column_inner width=&#8220;1\/4&#8243;][vc_single_image image=&#8220;76257&#8243; img_size=&#8220;full&#8220; alignment=&#8220;center&#8220; css=&#8220;.vc_custom_1503917766973{margin-right: 15px !important;margin-left: 15px !important;}&#8220;][\/vc_column_inner][vc_column_inner width=&#8220;1\/4&#8243;][vc_single_image image=&#8220;76256&#8243; img_size=&#8220;full&#8220; alignment=&#8220;center&#8220; css=&#8220;.vc_custom_1503917772363{margin-right: 15px !important;margin-left: 15px !important;}&#8220;][\/vc_column_inner][\/vc_row_inner][\/vc_column][\/vc_row][vc_row][vc_column][vc_empty_space height=&#8220;120px&#8220;][\/vc_column][\/vc_row]<\/p>\n<\/section>","protected":false},"excerpt":{"rendered":"<p>[vc_row type=&#8220;full_width&#8220;][vc_column][rev_slider_vc alias=&#8220;slider-azienda-rd-de&#8220;][\/vc_column][\/vc_row][vc_row type=&#8220;full_width&#8220;][vc_column][vc_empty_space height=&#8220;15px&#8220;][\/vc_column][\/vc_row][vc_row el_class=&#8220;prima-riga-interna&#8220;][vc_column][vc_row_inner][vc_column_inner][vc_custom_heading text=&#8220;St\u00e4ndige Innovation &#8220; font_container=&#8220;tag:h1|font_size:45px|text_align:left|color:%23373737|line_height:100%25&#8243; use_theme_fonts=&#8220;yes&#8220; el_class=&#8220;innermaintitle&#8220;][vc_custom_heading text=&#8220;und Forschung&#8220; font_container=&#8220;tag:h2|font_size:30|text_align:left|color:%23d33317|line_height:100%25&#8243; use_theme_fonts=&#8220;yes&#8220; el_class=&#8220;innersubtitle&#8220;][vc_empty_space height=&#8220;30px&#8220;][vc_column_text]Innovation bedeutet Rationalisierung, Vereinfachung, ein Prinzip, das schon immer Grundlage f\u00fcr die Philosophie von Vimac war. Das Unternehmen investiert in Forschung und Entwicklung drei\u00dfig Prozent des Stellenplans &#8211; dies entspricht einem j\u00e4hrlichen Wert von drei\u00dfig Weiterbildungsstunden pro Kopf [&hellip;]<\/p>\n","protected":false},"author":1,"featured_media":0,"parent":77670,"menu_order":0,"comment_status":"closed","ping_status":"closed","template":"","meta":{"footnotes":""},"acf":[],"_links":{"self":[{"href":"https:\/\/www.vimacsecurity.com\/de\/wp-json\/wp\/v2\/pages\/76592"}],"collection":[{"href":"https:\/\/www.vimacsecurity.com\/de\/wp-json\/wp\/v2\/pages"}],"about":[{"href":"https:\/\/www.vimacsecurity.com\/de\/wp-json\/wp\/v2\/types\/page"}],"author":[{"embeddable":true,"href":"https:\/\/www.vimacsecurity.com\/de\/wp-json\/wp\/v2\/users\/1"}],"replies":[{"embeddable":true,"href":"https:\/\/www.vimacsecurity.com\/de\/wp-json\/wp\/v2\/comments?post=76592"}],"version-history":[{"count":0,"href":"https:\/\/www.vimacsecurity.com\/de\/wp-json\/wp\/v2\/pages\/76592\/revisions"}],"up":[{"embeddable":true,"href":"https:\/\/www.vimacsecurity.com\/de\/wp-json\/wp\/v2\/pages\/77670"}],"wp:attachment":[{"href":"https:\/\/www.vimacsecurity.com\/de\/wp-json\/wp\/v2\/media?parent=76592"}],"curies":[{"name":"wp","href":"https:\/\/api.w.org\/{rel}","templated":true}]}}