{"id":76594,"date":"2017-07-26T09:14:00","date_gmt":"2017-07-26T07:14:00","guid":{"rendered":"http:\/\/www.vimacsecurity.com\/wp\/azienda__trashed\/vision\/"},"modified":"2018-01-15T10:47:28","modified_gmt":"2018-01-15T09:47:28","slug":"vision","status":"publish","type":"page","link":"https:\/\/www.vimacsecurity.com\/de\/unternehmen\/vision\/","title":{"rendered":"Vision"},"content":{"rendered":"<section class=\"wpb-content-wrapper\"><p>[vc_row type=&#8220;full_width&#8220;][vc_column][rev_slider_vc alias=&#8220;slider-azienda-vision-de&#8220;][\/vc_column][\/vc_row][vc_row type=&#8220;full_width&#8220;][vc_column][vc_empty_space height=&#8220;15px&#8220;][\/vc_column][\/vc_row][vc_row el_class=&#8220;prima-riga-interna&#8220;][vc_column][vc_row_inner][vc_column_inner width=&#8220;1\/2&#8243;][vc_custom_heading text=&#8220;Lebensqualit\u00e4t&#8220; font_container=&#8220;tag:h1|font_size:45px|text_align:left|color:%23373737|line_height:100%25&#8243; use_theme_fonts=&#8220;yes&#8220; el_class=&#8220;innermaintitle&#8220;][vc_custom_heading text=&#8220;zu verbessern&#8220; font_container=&#8220;tag:h2|font_size:30|text_align:left|color:%23d33317|line_height:100%25&#8243; use_theme_fonts=&#8220;yes&#8220; el_class=&#8220;innersubtitle&#8220;][vc_empty_space height=&#8220;30px&#8220;][vc_column_text]<strong>Sich vor Gefahren sch\u00fctzen<\/strong>, vor allem im h\u00e4uslichen Bereich, bedeutet, seine<strong> Lebensqualit\u00e4t zu verbessern<\/strong>, ein Vorteil f\u00fcr den Einzelnen und f\u00fcr die ganze Familie.[\/vc_column_text][vc_empty_space height=&#8220;15px&#8220;][vc_column_text]Vimac Security hat dieses Konzept im Bewusstsein entwickelt, dass Zuverl\u00e4ssigkeit und Einfachheit seiner Systeme das Wohlbefinden seiner Kunden falls m\u00f6glich noch steigern.[\/vc_column_text][vc_empty_space height=&#8220;60px&#8220;][\/vc_column_inner][vc_column_inner width=&#8220;1\/2&#8243;][vc_single_image image=&#8220;76294&#8243; img_size=&#8220;full&#8220; alignment=&#8220;center&#8220;][\/vc_column_inner][\/vc_row_inner][\/vc_column][\/vc_row][vc_row][vc_column][vc_empty_space height=&#8220;120px&#8220;][\/vc_column][\/vc_row]<\/p>\n<\/section>","protected":false},"excerpt":{"rendered":"<p>[vc_row type=&#8220;full_width&#8220;][vc_column][rev_slider_vc alias=&#8220;slider-azienda-vision-de&#8220;][\/vc_column][\/vc_row][vc_row type=&#8220;full_width&#8220;][vc_column][vc_empty_space height=&#8220;15px&#8220;][\/vc_column][\/vc_row][vc_row el_class=&#8220;prima-riga-interna&#8220;][vc_column][vc_row_inner][vc_column_inner width=&#8220;1\/2&#8243;][vc_custom_heading text=&#8220;Lebensqualit\u00e4t&#8220; font_container=&#8220;tag:h1|font_size:45px|text_align:left|color:%23373737|line_height:100%25&#8243; use_theme_fonts=&#8220;yes&#8220; el_class=&#8220;innermaintitle&#8220;][vc_custom_heading text=&#8220;zu verbessern&#8220; font_container=&#8220;tag:h2|font_size:30|text_align:left|color:%23d33317|line_height:100%25&#8243; use_theme_fonts=&#8220;yes&#8220; el_class=&#8220;innersubtitle&#8220;][vc_empty_space height=&#8220;30px&#8220;][vc_column_text]Sich vor Gefahren sch\u00fctzen, vor allem im h\u00e4uslichen Bereich, bedeutet, seine Lebensqualit\u00e4t zu verbessern, ein Vorteil f\u00fcr den Einzelnen und f\u00fcr die ganze Familie.[\/vc_column_text][vc_empty_space height=&#8220;15px&#8220;][vc_column_text]Vimac Security hat dieses Konzept im Bewusstsein entwickelt, dass Zuverl\u00e4ssigkeit und Einfachheit seiner Systeme das [&hellip;]<\/p>\n","protected":false},"author":1,"featured_media":0,"parent":77670,"menu_order":0,"comment_status":"closed","ping_status":"closed","template":"","meta":{"footnotes":""},"acf":[],"_links":{"self":[{"href":"https:\/\/www.vimacsecurity.com\/de\/wp-json\/wp\/v2\/pages\/76594"}],"collection":[{"href":"https:\/\/www.vimacsecurity.com\/de\/wp-json\/wp\/v2\/pages"}],"about":[{"href":"https:\/\/www.vimacsecurity.com\/de\/wp-json\/wp\/v2\/types\/page"}],"author":[{"embeddable":true,"href":"https:\/\/www.vimacsecurity.com\/de\/wp-json\/wp\/v2\/users\/1"}],"replies":[{"embeddable":true,"href":"https:\/\/www.vimacsecurity.com\/de\/wp-json\/wp\/v2\/comments?post=76594"}],"version-history":[{"count":0,"href":"https:\/\/www.vimacsecurity.com\/de\/wp-json\/wp\/v2\/pages\/76594\/revisions"}],"up":[{"embeddable":true,"href":"https:\/\/www.vimacsecurity.com\/de\/wp-json\/wp\/v2\/pages\/77670"}],"wp:attachment":[{"href":"https:\/\/www.vimacsecurity.com\/de\/wp-json\/wp\/v2\/media?parent=76594"}],"curies":[{"name":"wp","href":"https:\/\/api.w.org\/{rel}","templated":true}]}}