{"id":76596,"date":"2017-07-26T14:41:34","date_gmt":"2017-07-26T12:41:34","guid":{"rendered":"http:\/\/www.vimacsecurity.com\/wp\/gamma\/"},"modified":"2018-01-19T09:33:19","modified_gmt":"2018-01-19T08:33:19","slug":"produktreihen","status":"publish","type":"page","link":"https:\/\/www.vimacsecurity.com\/de\/produktreihen\/","title":{"rendered":"Produktreihen"},"content":{"rendered":"<section class=\"wpb-content-wrapper\"><p>[vc_row type=&#8220;full_width&#8220;][vc_column][rev_slider_vc alias=&#8220;slider-gamma-de&#8220;][\/vc_column][\/vc_row][vc_row type=&#8220;full_width&#8220;][vc_column][vc_empty_space height=&#8220;15px&#8220;][\/vc_column][\/vc_row][vc_row equal_height=&#8220;yes&#8220; el_class=&#8220;prima-riga-interna&#8220; css=&#8220;.vc_custom_1501082866608{background-image: url(http:\/\/www.vimacsecurity.com\/wp-content\/uploads\/2017\/07\/vimac-parallax-gamma-intro-bn.jpg?id=75461) !important;background-position: center !important;background-repeat: no-repeat !important;background-size: contain !important;}&#8220;][vc_column width=&#8220;1\/2&#8243;][vc_custom_heading text=&#8220;Verdrahtet oder wireless?&#8220; font_container=&#8220;tag:h1|font_size:45px|text_align:left|color:%23373737|line_height:100%25&#8243; use_theme_fonts=&#8220;yes&#8220; el_class=&#8220;innermaintitle&#8220;][vc_custom_heading text=&#8220;Die Vorschl\u00e4ge von Vimac Security&#8220; font_container=&#8220;tag:h2|font_size:30|text_align:left|color:%23d33317|line_height:100%25&#8243; use_theme_fonts=&#8220;yes&#8220; el_class=&#8220;innersubtitle&#8220;][vc_empty_space height=&#8220;30px&#8220;][vc_column_text]Zwei Produktreihen, eine davon verdrahtet (<strong>Blue Sentinel<\/strong>), die andere drahtlos (zwei alternative Angebote durch die Marken <strong>Awacs<\/strong> und <strong>Awacs Platinum<\/strong>): Das sind die Angebot von Vimac Security, die entwickelt und hergestellt wurden, um alle Kundenw\u00fcnsche zu erf\u00fcllen.<\/p>\n<p>Es gibt mehr als eine Variable: Sicherheitsniveau, Wohnumgebung und Investitionssumme, die f\u00fcr den Punkt &#8222;Verbrechensbek\u00e4mpfung&#8220; eingeplant sind.[\/vc_column_text][vc_empty_space height=&#8220;15px&#8220;][vc_column_text]Werfen Sie einen Blick auf das Men\u00fc zu Ihrer Linken: Dort k\u00f6nnen Sie jedes einzelne Produkt schnell abfragen und Ihre Wahl m\u00f6glicherweise noch vertiefen durch das Herunterladen des technischen Datenblatts, das im PDF-Format verf\u00fcgbar ist. Z\u00f6gern Sie nicht, uns f\u00fcr jede Art von Information zu kontaktieren, unter der E-Mail-Adresse <a href=\"mailto:info@vimacsecurity.com\">info@vimacsecurity.com<\/a><\/p>\n<p>[\/vc_column_text][\/vc_column][vc_column width=&#8220;1\/2&#8243;][vc_empty_space height=&#8220;100px&#8220;][vc_row_inner equal_height=&#8220;yes&#8220; content_placement=&#8220;middle&#8220;][vc_column_inner width=&#8220;1\/2&#8243;][vc_single_image image=&#8220;75138&#8243; img_size=&#8220;full&#8220; alignment=&#8220;center&#8220;][\/vc_column_inner][vc_column_inner width=&#8220;1\/2&#8243;][vc_btn title=&#8220;Entdecken Sie unsere Produktreihe WIRELESS \u00bb&#8220; style=&#8220;outline&#8220; shape=&#8220;square&#8220; color=&#8220;primary&#8220; align=&#8220;center&#8220; button_block=&#8220;true&#8220; link=&#8220;url:http%3A%2F%2Fwww.vimacsecurity.com%2Fwp%2Fde%2Fproduktreihen%2Fawacs-platinum%2F|||&#8220; el_class=&#8220;mainBTSblu&#8220;][\/vc_column_inner][\/vc_row_inner][vc_row_inner equal_height=&#8220;yes&#8220; content_placement=&#8220;middle&#8220;][vc_column_inner width=&#8220;1\/2&#8243;][vc_single_image image=&#8220;75139&#8243; img_size=&#8220;full&#8220; alignment=&#8220;center&#8220;][\/vc_column_inner][vc_column_inner width=&#8220;1\/2&#8243;][vc_btn title=&#8220;Entdecken Sie unsere Produktreihe VERDRAHTET \u00bb&#8220; style=&#8220;outline&#8220; shape=&#8220;square&#8220; color=&#8220;primary&#8220; align=&#8220;center&#8220; button_block=&#8220;true&#8220; link=&#8220;url:http%3A%2F%2Fwww.vimacsecurity.com%2Fwp%2Fde%2Fproduktreihen%2Fblue-sentinel%2F|||&#8220; el_class=&#8220;mainBTSblu&#8220;][\/vc_column_inner][\/vc_row_inner][\/vc_column][\/vc_row][vc_row][vc_column][vc_empty_space height=&#8220;120px&#8220;][\/vc_column][\/vc_row]<\/p>\n<\/section>","protected":false},"excerpt":{"rendered":"<p>[vc_row type=&#8220;full_width&#8220;][vc_column][rev_slider_vc alias=&#8220;slider-gamma-de&#8220;][\/vc_column][\/vc_row][vc_row type=&#8220;full_width&#8220;][vc_column][vc_empty_space height=&#8220;15px&#8220;][\/vc_column][\/vc_row][vc_row equal_height=&#8220;yes&#8220; el_class=&#8220;prima-riga-interna&#8220; css=&#8220;.vc_custom_1501082866608{background-image: url(http:\/\/www.vimacsecurity.com\/wp-content\/uploads\/2017\/07\/vimac-parallax-gamma-intro-bn.jpg?id=75461) !important;background-position: center !important;background-repeat: no-repeat !important;background-size: contain !important;}&#8220;][vc_column width=&#8220;1\/2&#8243;][vc_custom_heading text=&#8220;Verdrahtet oder wireless?&#8220; font_container=&#8220;tag:h1|font_size:45px|text_align:left|color:%23373737|line_height:100%25&#8243; use_theme_fonts=&#8220;yes&#8220; el_class=&#8220;innermaintitle&#8220;][vc_custom_heading text=&#8220;Die Vorschl\u00e4ge von Vimac Security&#8220; font_container=&#8220;tag:h2|font_size:30|text_align:left|color:%23d33317|line_height:100%25&#8243; use_theme_fonts=&#8220;yes&#8220; el_class=&#8220;innersubtitle&#8220;][vc_empty_space height=&#8220;30px&#8220;][vc_column_text]Zwei Produktreihen, eine davon verdrahtet (Blue Sentinel), die andere drahtlos (zwei alternative Angebote durch die Marken Awacs und Awacs Platinum): Das sind die Angebot [&hellip;]<\/p>\n","protected":false},"author":1,"featured_media":0,"parent":0,"menu_order":0,"comment_status":"closed","ping_status":"closed","template":"","meta":{"footnotes":""},"acf":[],"_links":{"self":[{"href":"https:\/\/www.vimacsecurity.com\/de\/wp-json\/wp\/v2\/pages\/76596"}],"collection":[{"href":"https:\/\/www.vimacsecurity.com\/de\/wp-json\/wp\/v2\/pages"}],"about":[{"href":"https:\/\/www.vimacsecurity.com\/de\/wp-json\/wp\/v2\/types\/page"}],"author":[{"embeddable":true,"href":"https:\/\/www.vimacsecurity.com\/de\/wp-json\/wp\/v2\/users\/1"}],"replies":[{"embeddable":true,"href":"https:\/\/www.vimacsecurity.com\/de\/wp-json\/wp\/v2\/comments?post=76596"}],"version-history":[{"count":0,"href":"https:\/\/www.vimacsecurity.com\/de\/wp-json\/wp\/v2\/pages\/76596\/revisions"}],"wp:attachment":[{"href":"https:\/\/www.vimacsecurity.com\/de\/wp-json\/wp\/v2\/media?parent=76596"}],"curies":[{"name":"wp","href":"https:\/\/api.w.org\/{rel}","templated":true}]}}