{"id":76599,"date":"2017-07-27T08:38:19","date_gmt":"2017-07-27T06:38:19","guid":{"rendered":"http:\/\/www.vimacsecurity.com\/wp\/produktreihen\/awacs-platinum\/"},"modified":"2018-01-19T09:20:43","modified_gmt":"2018-01-19T08:20:43","slug":"awacs-platinum","status":"publish","type":"page","link":"https:\/\/www.vimacsecurity.com\/de\/produktreihen\/awacs-platinum\/","title":{"rendered":"Awacs Platinum"},"content":{"rendered":"<section class=\"wpb-content-wrapper\"><p>[vc_row type=&#8220;full_width&#8220;][vc_column][rev_slider_vc alias=&#8220;slider-awacs-de&#8220;][\/vc_column][\/vc_row][vc_row type=&#8220;full_width&#8220;][vc_column][vc_empty_space height=&#8220;30px&#8220;][\/vc_column][\/vc_row][vc_row equal_height=&#8220;yes&#8220;][vc_column][vc_custom_heading text=&#8220;Die Weiterentwicklung&#8220; font_container=&#8220;tag:h1|font_size:45px|text_align:left|color:%23373737|line_height:100%25&#8243; use_theme_fonts=&#8220;yes&#8220; el_class=&#8220;titleMAIN innermaintitle&#8220;][vc_custom_heading text=&#8220;Awacs ist der Ausgangspunkt&#8230; &#8220; font_container=&#8220;tag:h2|font_size:30|text_align:left|color:%23d33317|line_height:100%25&#8243; use_theme_fonts=&#8220;yes&#8220; el_class=&#8220;titleSUB innersubtitle&#8220;][vc_empty_space height=&#8220;30px&#8220;][vc_row_inner equal_height=&#8220;yes&#8220; content_placement=&#8220;middle&#8220;][vc_column_inner width=&#8220;1\/4&#8243;][vc_single_image image=&#8220;75138&#8243; img_size=&#8220;full&#8220; alignment=&#8220;center&#8220; css=&#8220;.vc_custom_1501831693841{border-top-width: 1px !important;border-right-width: 1px !important;border-bottom-width: 1px !important;border-left-width: 1px !important;padding-top: 20px !important;padding-right: 20px !important;padding-bottom: 20px !important;padding-left: 20px !important;border-left-color: #ebebeb !important;border-left-style: solid !important;border-right-color: #ebebeb !important;border-right-style: solid !important;border-top-color: #ebebeb !important;border-top-style: solid !important;border-bottom-color: #ebebeb !important;border-bottom-style: solid !important;}&#8220;][\/vc_column_inner][vc_column_inner width=&#8220;3\/4&#8243;][vc_column_text]&#8230; f\u00fcr <strong>Platinum<\/strong>, der perfektionierten Weiterentwicklung der Vorg\u00e4ngerproduktreihe, bei der neben die bekannte Zuverl\u00e4ssigkeit neue, interessante Anregungen f\u00fcr Technik und Design treten.\u00a0<strong>Pr\u00e4zise, zuverl\u00e4ssig und robust<\/strong>, die Neuheit aus dem Hause Vimac ist die Integration in die Wohnumgebung, dank der Kombination aus Ergonomie und Design.[\/vc_column_text][\/vc_column_inner][\/vc_row_inner][vc_empty_space height=&#8220;30px&#8220;][vc_column_text]Zu Awacs Platinum geh\u00f6ren unter anderem ein Funkkommunikationssystem mit zwei Frequenzen und ein <strong>Antikollisionsprotokoll der Funksignale<\/strong>.<\/p>\n<p>Die Produktreihe besteht aus drei Modellen, die f\u00fcr die speziellen Anforderungen geplant und hergestellt wurden.[\/vc_column_text][vc_empty_space height=&#8220;30px&#8220;][vc_separator][vc_empty_space height=&#8220;30px&#8220;][vc_column_text]<div class=\"pc_warn_box\">Um den Gesamtkatalog Awacs Platinum herunterzuladen, loggen Sie sich bitte ein oder registrieren Sie sich.<div class=\"pc_warn_box_btn_wrap\"><span class=\"pc_warn_box_btn pc_login_trig pc_lb_trig_50\">Login<\/span><span class=\"pc_warn_box_btn pc_registr_trig pc_lb_trig_53\">Registrieren<\/span><\/div><\/div>[\/vc_column_text][vc_empty_space height=&#8220;30px&#8220;][vc_separator][vc_empty_space height=&#8220;45px&#8220;][vc_row_inner][vc_column_inner width=&#8220;1\/4&#8243;][vc_single_image image=&#8220;75505&#8243; img_size=&#8220;full&#8220; alignment=&#8220;center&#8220; css=&#8220;.vc_custom_1501831759673{border-top-width: 1px !important;border-right-width: 1px !important;border-left-width: 1px !important;border-left-color: #ebebeb !important;border-left-style: solid !important;border-right-color: #ebebeb !important;border-right-style: solid !important;border-top-color: #ebebeb !important;border-top-style: solid !important;}&#8220;][vc_custom_heading text=&#8220;ALARMANLAGE&#8220; font_container=&#8220;tag:h4|text_align:center&#8220; use_theme_fonts=&#8220;yes&#8220; el_class=&#8220;titleMAINSMALL&#8220;][vc_column_text]<div class=\"menu-awacs-platinum-alarmanlage-de-container\"><ul id=\"menu-awacs-platinum-alarmanlage-de\" class=\"innermenu\"><li id=\"menu-item-77340\" class=\"menu-item menu-item-type-post_type menu-item-object-page menu-item-77340\"><a href=\"https:\/\/www.vimacsecurity.com\/de\/produktreihen\/awacs-platinum\/ap128\/\">AP128 &#8211; Funk alarmanlage<\/a><\/li>\n<li id=\"menu-item-77342\" class=\"menu-item menu-item-type-post_type menu-item-object-page menu-item-77342\"><a href=\"https:\/\/www.vimacsecurity.com\/de\/produktreihen\/awacs-platinum\/ap64\/\">AP64 &#8211; Funk alarmanlage<\/a><\/li>\n<li id=\"menu-item-77341\" class=\"menu-item menu-item-type-post_type menu-item-object-page menu-item-77341\"><a href=\"https:\/\/www.vimacsecurity.com\/de\/produktreihen\/awacs-platinum\/ap16\/\">AP16 &#8211; Funk alarmanlage<\/a><\/li>\n<\/ul><\/div>[\/vc_column_text][\/vc_column_inner][vc_column_inner width=&#8220;1\/4&#8243;][vc_single_image image=&#8220;75506&#8243; img_size=&#8220;full&#8220; alignment=&#8220;center&#8220; css=&#8220;.vc_custom_1501831764736{border-top-width: 1px !important;border-right-width: 1px !important;border-left-width: 1px !important;border-left-color: #ebebeb !important;border-left-style: solid !important;border-right-color: #ebebeb !important;border-right-style: solid !important;border-top-color: #ebebeb !important;border-top-style: solid !important;}&#8220;][vc_custom_heading text=&#8220;SENSOR&#8220; font_container=&#8220;tag:h4|text_align:center&#8220; use_theme_fonts=&#8220;yes&#8220; el_class=&#8220;titleMAINSMALL&#8220;][vc_column_text]<div class=\"menu-awacs-platinum-sensor-de-container\"><ul id=\"menu-awacs-platinum-sensor-de\" class=\"innermenu\"><li id=\"menu-item-77311\" class=\"menu-item menu-item-type-post_type menu-item-object-page menu-item-77311\"><a href=\"https:\/\/www.vimacsecurity.com\/de\/produktreihen\/awacs-platinum\/apir1\/\">APIR1 &#8211; Passives infrarot<\/a><\/li>\n<li id=\"menu-item-77312\" class=\"menu-item menu-item-type-post_type menu-item-object-page menu-item-77312\"><a href=\"https:\/\/www.vimacsecurity.com\/de\/produktreihen\/awacs-platinum\/apir2\/\">APIR2 &#8211; Passives infrarot<\/a><\/li>\n<li id=\"menu-item-77313\" class=\"menu-item menu-item-type-post_type menu-item-object-page menu-item-77313\"><a href=\"https:\/\/www.vimacsecurity.com\/de\/produktreihen\/awacs-platinum\/apir4\/\">APIR4 &#8211; Funk doppelsensor<\/a><\/li>\n<li id=\"menu-item-77314\" class=\"menu-item menu-item-type-post_type menu-item-object-page menu-item-77314\"><a href=\"https:\/\/www.vimacsecurity.com\/de\/produktreihen\/awacs-platinum\/apd1\/\">APD1 &#8211; Sensor<\/a><\/li>\n<li id=\"menu-item-77315\" class=\"menu-item menu-item-type-post_type menu-item-object-page menu-item-77315\"><a href=\"https:\/\/www.vimacsecurity.com\/de\/produktreihen\/awacs-platinum\/apd2\/\">APD2 &#8211; Sensor<\/a><\/li>\n<li id=\"menu-item-77316\" class=\"menu-item menu-item-type-post_type menu-item-object-page menu-item-77316\"><a href=\"https:\/\/www.vimacsecurity.com\/de\/produktreihen\/awacs-platinum\/apd4\/\">APD4 &#8211; Sensor<\/a><\/li>\n<li id=\"menu-item-77317\" class=\"menu-item menu-item-type-post_type menu-item-object-page menu-item-77317\"><a href=\"https:\/\/www.vimacsecurity.com\/de\/produktreihen\/awacs-platinum\/apf\/\">APF &#8211; Funk rauchmelder<\/a><\/li>\n<li id=\"menu-item-77318\" class=\"menu-item menu-item-type-post_type menu-item-object-page menu-item-77318\"><a href=\"https:\/\/www.vimacsecurity.com\/de\/produktreihen\/awacs-platinum\/aps\/\">APS- Stossensor<\/a><\/li>\n<\/ul><\/div>[\/vc_column_text][\/vc_column_inner][vc_column_inner width=&#8220;1\/4&#8243;][vc_single_image image=&#8220;75507&#8243; img_size=&#8220;full&#8220; alignment=&#8220;center&#8220; css=&#8220;.vc_custom_1501831769511{border-top-width: 1px !important;border-right-width: 1px !important;border-left-width: 1px !important;border-left-color: #ebebeb !important;border-left-style: solid !important;border-right-color: #ebebeb !important;border-right-style: solid !important;border-top-color: #ebebeb !important;border-top-style: solid !important;}&#8220;][vc_custom_heading text=&#8220;SENDER&#8220; font_container=&#8220;tag:h4|text_align:center&#8220; use_theme_fonts=&#8220;yes&#8220; el_class=&#8220;titleMAINSMALL&#8220;][vc_column_text]<div class=\"menu-awacs-platinum-sender-de-container\"><ul id=\"menu-awacs-platinum-sender-de\" class=\"innermenu\"><li id=\"menu-item-77343\" class=\"menu-item menu-item-type-post_type menu-item-object-page menu-item-77343\"><a href=\"https:\/\/www.vimacsecurity.com\/de\/produktreihen\/awacs-platinum\/apc\/\">APC &#8211; Sender f\u00fcr kontakte<\/a><\/li>\n<li id=\"menu-item-77344\" class=\"menu-item menu-item-type-post_type menu-item-object-page menu-item-77344\"><a href=\"https:\/\/www.vimacsecurity.com\/de\/produktreihen\/awacs-platinum\/apc-mini\/\">APC mini &#8211; Funk magnetkontakt<\/a><\/li>\n<\/ul><\/div>[\/vc_column_text][\/vc_column_inner][vc_column_inner width=&#8220;1\/4&#8243;][vc_single_image image=&#8220;75508&#8243; img_size=&#8220;full&#8220; alignment=&#8220;center&#8220; css=&#8220;.vc_custom_1501831775036{border-top-width: 1px !important;border-right-width: 1px !important;border-left-width: 1px !important;border-left-color: #ebebeb !important;border-left-style: solid !important;border-right-color: #ebebeb !important;border-right-style: solid !important;border-top-color: #ebebeb !important;border-top-style: solid !important;}&#8220;][vc_custom_heading text=&#8220;ZUBEH\u00d6R&#8220; font_container=&#8220;tag:h4|text_align:center&#8220; use_theme_fonts=&#8220;yes&#8220; el_class=&#8220;titleMAINSMALL&#8220;][vc_column_text]<div class=\"menu-awacs-platinum-zubehoer-de-container\"><ul id=\"menu-awacs-platinum-zubehoer-de\" class=\"innermenu\"><li id=\"menu-item-77347\" class=\"menu-item menu-item-type-post_type menu-item-object-page menu-item-77347\"><a href=\"https:\/\/www.vimacsecurity.com\/de\/produktreihen\/awacs-platinum\/apt1\/\">APT1 &#8211; Verdrahtete tastaur<\/a><\/li>\n<li id=\"menu-item-77348\" class=\"menu-item menu-item-type-post_type menu-item-object-page menu-item-77348\"><a href=\"https:\/\/www.vimacsecurity.com\/de\/produktreihen\/awacs-platinum\/apt2\/\">APT2 &#8211;  Drahtlose tastaur<\/a><\/li>\n<li id=\"menu-item-79950\" class=\"menu-item menu-item-type-post_type menu-item-object-page menu-item-79950\"><a href=\"https:\/\/www.vimacsecurity.com\/de\/produktreihen\/awacs-platinum\/aps2\/\">APS2 &#8211; Funk-Aussensirene<\/a><\/li>\n<li id=\"menu-item-78035\" class=\"menu-item menu-item-type-post_type menu-item-object-page menu-item-78035\"><a href=\"https:\/\/www.vimacsecurity.com\/de\/produktreihen\/awacs-platinum\/aptx\/\">APTX &#8211; optionale Funkmodul<\/a><\/li>\n<li id=\"menu-item-77353\" class=\"menu-item menu-item-type-post_type menu-item-object-page menu-item-77353\"><a href=\"https:\/\/www.vimacsecurity.com\/de\/produktreihen\/awacs-platinum\/ap5\/\">AP5 &#8211; Zweifrequenz funksteuerung<\/a><\/li>\n<li id=\"menu-item-78036\" class=\"menu-item menu-item-type-post_type menu-item-object-page menu-item-78036\"><a href=\"https:\/\/www.vimacsecurity.com\/de\/produktreihen\/awacs-platinum\/apgsm1\/\">APGSM1 &#8211; GSM kit<\/a><\/li>\n<li id=\"menu-item-77346\" class=\"menu-item menu-item-type-post_type menu-item-object-page menu-item-77346\"><a href=\"https:\/\/www.vimacsecurity.com\/de\/produktreihen\/awacs-platinum\/apgsm2\/\">APGSM2 &#8211; Optional GSM<\/a><\/li>\n<li id=\"menu-item-77349\" class=\"menu-item menu-item-type-post_type menu-item-object-page menu-item-77349\"><a href=\"https:\/\/www.vimacsecurity.com\/de\/produktreihen\/awacs-platinum\/asi\/\">ASI &#8211; Zustandsmelder anlage<\/a><\/li>\n<li id=\"menu-item-77356\" class=\"menu-item menu-item-type-post_type menu-item-object-page menu-item-77356\"><a href=\"https:\/\/www.vimacsecurity.com\/de\/produktreihen\/awacs-platinum\/apr64\/\">APR64 &#8211; \u00fcberwachter funkempf\u00e4nger<\/a><\/li>\n<li id=\"menu-item-77358\" class=\"menu-item menu-item-type-post_type menu-item-object-page menu-item-77358\"><a href=\"https:\/\/www.vimacsecurity.com\/de\/produktreihen\/awacs-platinum\/apbus2-apbus8\/\">APbus2 \/ APbus8 &#8211; Bus Erweiterungskarte<\/a><\/li>\n<li id=\"menu-item-77350\" class=\"menu-item menu-item-type-post_type menu-item-object-page menu-item-77350\"><a href=\"https:\/\/www.vimacsecurity.com\/de\/produktreihen\/awacs-platinum\/magnete\/\">Magnete<\/a><\/li>\n<li id=\"menu-item-77351\" class=\"menu-item menu-item-type-post_type menu-item-object-page menu-item-77351\"><a href=\"https:\/\/www.vimacsecurity.com\/de\/produktreihen\/awacs-platinum\/sn1\/\">SN1 &#8211; Gelenk<\/a><\/li>\n<\/ul><\/div>[\/vc_column_text][\/vc_column_inner][\/vc_row_inner][\/vc_column][\/vc_row][vc_row][vc_column][vc_empty_space height=&#8220;120px&#8220;][\/vc_column][\/vc_row]<\/p>\n<\/section>","protected":false},"excerpt":{"rendered":"<p>[vc_row type=&#8220;full_width&#8220;][vc_column][rev_slider_vc alias=&#8220;slider-awacs-de&#8220;][\/vc_column][\/vc_row][vc_row type=&#8220;full_width&#8220;][vc_column][vc_empty_space height=&#8220;30px&#8220;][\/vc_column][\/vc_row][vc_row equal_height=&#8220;yes&#8220;][vc_column][vc_custom_heading text=&#8220;Die Weiterentwicklung&#8220; font_container=&#8220;tag:h1|font_size:45px|text_align:left|color:%23373737|line_height:100%25&#8243; use_theme_fonts=&#8220;yes&#8220; el_class=&#8220;titleMAIN innermaintitle&#8220;][vc_custom_heading text=&#8220;Awacs ist der Ausgangspunkt&#8230; &#8220; font_container=&#8220;tag:h2|font_size:30|text_align:left|color:%23d33317|line_height:100%25&#8243; use_theme_fonts=&#8220;yes&#8220; el_class=&#8220;titleSUB innersubtitle&#8220;][vc_empty_space height=&#8220;30px&#8220;][vc_row_inner equal_height=&#8220;yes&#8220; content_placement=&#8220;middle&#8220;][vc_column_inner width=&#8220;1\/4&#8243;][vc_single_image image=&#8220;75138&#8243; img_size=&#8220;full&#8220; alignment=&#8220;center&#8220; css=&#8220;.vc_custom_1501831693841{border-top-width: 1px !important;border-right-width: 1px !important;border-bottom-width: 1px !important;border-left-width: 1px !important;padding-top: 20px !important;padding-right: 20px !important;padding-bottom: 20px !important;padding-left: 20px !important;border-left-color: #ebebeb !important;border-left-style: solid !important;border-right-color: #ebebeb !important;border-right-style: solid !important;border-top-color: #ebebeb !important;border-top-style: [&hellip;]<\/p>\n","protected":false},"author":1,"featured_media":0,"parent":76596,"menu_order":0,"comment_status":"closed","ping_status":"closed","template":"","meta":{"footnotes":""},"acf":[],"_links":{"self":[{"href":"https:\/\/www.vimacsecurity.com\/de\/wp-json\/wp\/v2\/pages\/76599"}],"collection":[{"href":"https:\/\/www.vimacsecurity.com\/de\/wp-json\/wp\/v2\/pages"}],"about":[{"href":"https:\/\/www.vimacsecurity.com\/de\/wp-json\/wp\/v2\/types\/page"}],"author":[{"embeddable":true,"href":"https:\/\/www.vimacsecurity.com\/de\/wp-json\/wp\/v2\/users\/1"}],"replies":[{"embeddable":true,"href":"https:\/\/www.vimacsecurity.com\/de\/wp-json\/wp\/v2\/comments?post=76599"}],"version-history":[{"count":0,"href":"https:\/\/www.vimacsecurity.com\/de\/wp-json\/wp\/v2\/pages\/76599\/revisions"}],"up":[{"embeddable":true,"href":"https:\/\/www.vimacsecurity.com\/de\/wp-json\/wp\/v2\/pages\/76596"}],"wp:attachment":[{"href":"https:\/\/www.vimacsecurity.com\/de\/wp-json\/wp\/v2\/media?parent=76599"}],"curies":[{"name":"wp","href":"https:\/\/api.w.org\/{rel}","templated":true}]}}