{"id":76600,"date":"2017-07-27T15:17:28","date_gmt":"2017-07-27T13:17:28","guid":{"rendered":"http:\/\/www.vimacsecurity.com\/wp\/produktreihen\/awacs-platinum\/ap128\/"},"modified":"2018-02-09T16:01:21","modified_gmt":"2018-02-09T15:01:21","slug":"ap128","status":"publish","type":"page","link":"https:\/\/www.vimacsecurity.com\/de\/produktreihen\/awacs-platinum\/ap128\/","title":{"rendered":"ALARMANLAGE &#8211; AP128"},"content":{"rendered":"<section class=\"wpb-content-wrapper\"><p>[vc_row type=&#8220;full_width&#8220;][vc_column][rev_slider_vc alias=&#8220;slider-awacs-de&#8220;][\/vc_column][\/vc_row][vc_row type=&#8220;full_width&#8220;][vc_column][vc_empty_space height=&#8220;30px&#8220;][\/vc_column][\/vc_row][vc_row equal_height=&#8220;yes&#8220;][vc_column width=&#8220;1\/4&#8243; offset=&#8220;vc_col-lg-3 vc_col-md-3 vc_hidden-sm vc_hidden-xs&#8220;][vc_widget_sidebar sidebar_id=&#8220;vimacsecurity_sidebar_1&#8243;][\/vc_column][vc_column offset=&#8220;vc_col-lg-9 vc_col-md-9 vc_col-xs-12&#8243;][vc_custom_heading text=&#8220;ALARMANLAGE&#8220; font_container=&#8220;tag:h6|font_size:14px|text_align:left|color:%23d33317|line_height:100%25&#8243; use_theme_fonts=&#8220;yes&#8220;][vc_custom_heading text=&#8220;AP128&#8243; font_container=&#8220;tag:h1|font_size:45px|text_align:left|color:%23373737|line_height:100%25&#8243; use_theme_fonts=&#8220;yes&#8220; el_class=&#8220;titleMAIN&#8220;][vc_custom_heading text=&#8220;FUNK-ALARMANLAGE MIT ZWEIFREQUENZ-\u00dcBERWACHUNG MIT VERDRAHTETEN EING\u00c4NGEN, SERIELLEM BUS, VORBEREITET F\u00dcR GSM&#8220; font_container=&#8220;tag:h2|font_size:30|text_align:left|color:%23d33317|line_height:100%25&#8243; use_theme_fonts=&#8220;yes&#8220; el_class=&#8220;titleSUB&#8220;][vc_empty_space height=&#8220;30px&#8220;][vc_separator][vc_empty_space height=&#8220;30px&#8220;][vc_row_inner][vc_column_inner width=&#8220;1\/2&#8243;][vc_gallery type=&#8220;image_grid&#8220; images=&#8220;75778&#8243; img_size=&#8220;full&#8220;][vc_empty_space height=&#8220;30px&#8220;][\/vc_column_inner][vc_column_inner width=&#8220;1\/2&#8243;][vc_custom_heading text=&#8220;Technische Details&#8220; font_container=&#8220;tag:h5|text_align:left&#8220; use_theme_fonts=&#8220;yes&#8220; el_class=&#8220;titleMAINSMALL&#8220;][vc_column_text]<\/p>\n<ul>\n<li>Betriebsspannung: 230 VCA \u00b1 10% 50Hz<\/li>\n<li>Vom Speiser bereitgestellter Strom: 2,0 A mit 13,6 VCC<\/li>\n<li>Aufnahme: 220 mA (max)<\/li>\n<li>Verwendbare Batterie: 7V \u2013 12 Ah<\/li>\n<li>\u00dcberlagerungsempf\u00e4nger: 433,42 \/ 434,42 Mhz<\/li>\n<li>Alarmrelais: 3 Kontakte 6 A<\/li>\n<li>Hilfsrelais: 3 Kontakte 6 A<\/li>\n<li>Betriebstemperatur: von 0\u00b0 bis +40\u00b0 C<\/li>\n<li>Abmessungen: 345 x 270 x 75 mm<\/li>\n<li>Geh\u00e4use: lackiertes Stahlblech<\/li>\n<\/ul>\n<p>[\/vc_column_text][vc_empty_space height=&#8220;15px&#8220;][vc_column_text]<div class=\"pc_warn_box\">Um die f\u00fcr dieses Produkt erh\u00e4ltlichen Handb\u00fccher herunterzuladen, loggen Sie sich bitte ein oder registrieren Sie sich.<div class=\"pc_warn_box_btn_wrap\"><span class=\"pc_warn_box_btn pc_login_trig pc_lb_trig_50\">Login<\/span><span class=\"pc_warn_box_btn pc_registr_trig pc_lb_trig_53\">Registrieren<\/span><\/div><\/div>[\/vc_column_text][vc_empty_space height=&#8220;30px&#8220;][\/vc_column_inner][\/vc_row_inner][vc_separator][vc_empty_space height=&#8220;30px&#8220;][vc_column_text]Die modernste Anlage ihrer Art, ausgestattet mit einem neu entwickelten Empf\u00e4nger mit zwei Frequenzen, f\u00fcr maximale Sicherheit der angeschlossenen Ger\u00e4te. Mit 1 verdrahteten Zone gegen Sabotage, 4 verdrahtete Zonen (abgeglichen) und 124 Funkzonen.<br \/>\n\u00dcber die Steuertastatur k\u00f6nnen bis zu 32 Funksteuerungen und 16 Codes verwaltet werden. \u00dcberwachung der angeschlossenen Ger\u00e4te. Vier Bereiche f\u00fcr die individuelle Verwaltung der Anlage. Die Anlage AP128 wird vollst\u00e4ndig \u00fcber die Ferntastatur APT1 gesteuert, die \u00fcber Kabel angeschlossen ist. Die verschiedenen Betriebsarten und Funktionen k\u00f6nnen \u00fcber intuitiv gef\u00fchrte Men\u00fcs und Untermen\u00fcs besonders einfach programmiert werden.<br \/>\nSelbstlernfunktion der Funksensoren, der Schnittstellenkarte Bus und der Funksteuerungen. F\u00fcr jede Funkzone Einstellung der Alarmart: &#8222;Strecke&#8220;, &#8222;and&#8220;, &#8222;Klingel&#8220;, jede der verdrahteten Zonen kann als Eingang des elektronischen Schl\u00fcssels eingestellt werden. Speicherung der Ereignisse f\u00fcr Sensoren. Schnelle Anzeige der St\u00f6rungen.<br \/>\nErkennung und Speicherung der St\u00e4rke des Funksignals f\u00fcr jeden Sensor. Erkennung und Anzeige des abgeschirmten Frequenzbereichs f\u00fcr jede Frequenz. \u00dcbertragung der Hauptzust\u00e4nde der Anlage an \u00dcberwachungstableaus, Alarm, Steuerung. Eingang RS485. Vorbereitet f\u00fcr GSM-Karte. Verschiedene Stufen f\u00fcr die Wiederherstellung der Standarddaten. Vollst\u00e4ndiges oder teilweises Einschalten \u00fcber Tastatur, Funksteuerung, elektronischen Schl\u00fcssel. Die gespeicherten Sensoren k\u00f6nnen den vier Bereichen frei zugeordnet werden, auch mehreren Bereichen gleichzeitig. Verwaltung von Signalen von Vandalismus oder Notrufe von der Funksteuerung.<br \/>\nZw\u00f6lf Ausg\u00e4nge, 8 davon fest und 4 programmierbar, erm\u00f6glichen die notwendigen Signale am Klemmenbrett. Der Speicher registriert bis zu 256 Ereignisse in zeitlicher Reihenfolge, dabei werden ermittelt: Funksteuerungen, Sensoren, Zust\u00e4nde, Zeit und Art von vollst\u00e4ndigem oder teilweisem Ein-\/Ausschalten. F\u00fcr den Anschluss an den PC und etwaige zuk\u00fcnftige Entwicklungen des Systems ist ein Kommunikationsanschluss RS 232 vorgesehen. Die maximale Entfernung f\u00fcr den Empfang der Funksignale mit der mitgelieferten Antenne betr\u00e4gt zirka 300 m auf freier Fl\u00e4che, in Geb\u00e4uden h\u00e4ngt die maximale Entfernung vom Baumaterial der W\u00e4nde und Decken und von der Beschaffenheit der Umgebung ab.[\/vc_column_text][vc_empty_space height=&#8220;30px&#8220;][vc_separator][vc_empty_space height=&#8220;30px&#8220;][vc_custom_heading text=&#8220;Anfrage f\u00fcr weitere Informationen zu AP128&#8243; font_container=&#8220;tag:h3|font_size:30px|text_align:left|color:%23d33417|line_height:100%25&#8243; use_theme_fonts=&#8220;yes&#8220;][vc_empty_space height=&#8220;15px&#8220;][vc_column_text]M\u00f6chten Sie weitere Informationen zu diesem Produkt erhalten? F\u00fcllen Sie das tieferstehende Formular aus, unser Team wird Ihnen so rasch wie m\u00f6glich antworten.[\/vc_column_text][vc_empty_space height=&#8220;30px&#8220;]\n<div class=\"wpcf7 no-js\" id=\"wpcf7-f77474-o1\" lang=\"en-US\" dir=\"ltr\">\n<div class=\"screen-reader-response\"><p role=\"status\" aria-live=\"polite\" aria-atomic=\"true\"><\/p> <ul><\/ul><\/div>\n<form action=\"\/de\/wp-json\/wp\/v2\/pages\/76600#wpcf7-f77474-o1\" method=\"post\" class=\"wpcf7-form init\" aria-label=\"Contact form\" novalidate=\"novalidate\" data-status=\"init\">\n<div style=\"display: none;\">\n<input type=\"hidden\" name=\"_wpcf7\" value=\"77474\" \/>\n<input type=\"hidden\" name=\"_wpcf7_version\" value=\"5.7.7\" \/>\n<input type=\"hidden\" name=\"_wpcf7_locale\" value=\"en_US\" \/>\n<input type=\"hidden\" name=\"_wpcf7_unit_tag\" value=\"wpcf7-f77474-o1\" \/>\n<input type=\"hidden\" name=\"_wpcf7_container_post\" value=\"0\" \/>\n<input type=\"hidden\" name=\"_wpcf7_posted_data_hash\" value=\"\" \/>\n<\/div>\n<p>Name und Vorname (notwendig)<br \/>\n    <span class=\"wpcf7-form-control-wrap\" data-name=\"your-name\"><input size=\"40\" class=\"wpcf7-form-control wpcf7-text wpcf7-validates-as-required\" aria-required=\"true\" aria-invalid=\"false\" value=\"\" type=\"text\" name=\"your-name\" \/><\/span> <\/p>\n\n<p>Email (notwendig)<br \/>\n    <span class=\"wpcf7-form-control-wrap\" data-name=\"your-email\"><input size=\"40\" class=\"wpcf7-form-control wpcf7-text wpcf7-email wpcf7-validates-as-required wpcf7-validates-as-email\" aria-required=\"true\" aria-invalid=\"false\" value=\"\" type=\"email\" name=\"your-email\" \/><\/span> <\/p>\n\n<p>Anmerkungen<br \/>\n    <span class=\"wpcf7-form-control-wrap\" data-name=\"your-message\"><textarea cols=\"40\" rows=\"10\" class=\"wpcf7-form-control wpcf7-textarea\" aria-invalid=\"false\" name=\"your-message\"><\/textarea><\/span> <\/p>\n\n<p><span class=\"wpcf7-form-control-wrap\" data-name=\"capital-quiz\"><label><span class=\"wpcf7-quiz-label\">ANTISPAM: Erdbeere ist rot oder schwarz?<\/span> <input size=\"40\" class=\"wpcf7-form-control wpcf7-quiz\" id=\"qatest\" autocomplete=\"off\" aria-required=\"true\" aria-invalid=\"false\" type=\"text\" name=\"capital-quiz\" \/><\/label><input type=\"hidden\" name=\"_wpcf7_quiz_answer_capital-quiz\" value=\"90aef9e93ef7cd04f6cee73fd9b76575\" \/><\/span><\/p>\n\n<p><span class=\"wpcf7-form-control-wrap\" data-name=\"your-acceptance\"><span class=\"wpcf7-form-control wpcf7-acceptance\"><span class=\"wpcf7-list-item\"><label><input type=\"checkbox\" name=\"your-acceptance\" value=\"1\" aria-invalid=\"false\" \/><span class=\"wpcf7-list-item-label\">Ich stimme der Verarbeitung meiner personenbezogenen Daten im Sinne <a href=\"http:\/\/www.vimacsecurity.com\/de\/reserved-area-and-newsletter-policy\/\" target=\"_blank\"><strong>des hier aufscheinenden Dokuments zu<\/strong><\/a>.<\/span><\/label><\/span><\/span><\/span><\/p>\n\n<p><span class=\"wpcf7-form-control-wrap\" data-name=\"your-newsletter\"><span class=\"wpcf7-form-control wpcf7-checkbox\"><span class=\"wpcf7-list-item first last\"><input type=\"checkbox\" name=\"your-newsletter[]\" value=\"Anmeldung zum Newsletter-Service Vimac Security.\" \/><span class=\"wpcf7-list-item-label\">Anmeldung zum Newsletter-Service Vimac Security.<\/span><\/span><\/span><\/span> Stimme ich der Zusendung des Newsletters  Vimac Security und der Verarbeitung meiner Daten laut <a href=\"http:\/\/www.vimacsecurity.com\/de\/reserved-area-and-newsletter-policy\/\" target=\"_blank\"><strong>des hier aufscheinenden Dokuments zu<\/strong><\/a>.<\/p>\n\n<p><input class=\"wpcf7-form-control has-spinner wpcf7-submit\" type=\"submit\" value=\"Senden\" \/><\/p><p style=\"display: none !important;\"><label>&#916;<textarea name=\"_wpcf7_ak_hp_textarea\" cols=\"45\" rows=\"8\" maxlength=\"100\"><\/textarea><\/label><input type=\"hidden\" id=\"ak_js_1\" name=\"_wpcf7_ak_js\" value=\"228\"\/><script>document.getElementById( \"ak_js_1\" ).setAttribute( \"value\", ( new Date() ).getTime() );<\/script><\/p><div class=\"wpcf7-response-output\" aria-hidden=\"true\"><\/div>\n<\/form>\n<\/div>\n[\/vc_column][\/vc_row][vc_row][vc_column][vc_empty_space height=&#8220;120px&#8220;][\/vc_column][\/vc_row]<\/p>\n<\/section>","protected":false},"excerpt":{"rendered":"<p>[vc_row type=&#8220;full_width&#8220;][vc_column][rev_slider_vc alias=&#8220;slider-awacs-de&#8220;][\/vc_column][\/vc_row][vc_row type=&#8220;full_width&#8220;][vc_column][vc_empty_space height=&#8220;30px&#8220;][\/vc_column][\/vc_row][vc_row equal_height=&#8220;yes&#8220;][vc_column width=&#8220;1\/4&#8243; offset=&#8220;vc_col-lg-3 vc_col-md-3 vc_hidden-sm vc_hidden-xs&#8220;][vc_widget_sidebar sidebar_id=&#8220;vimacsecurity_sidebar_1&#8243;][\/vc_column][vc_column offset=&#8220;vc_col-lg-9 vc_col-md-9 vc_col-xs-12&#8243;][vc_custom_heading text=&#8220;ALARMANLAGE&#8220; font_container=&#8220;tag:h6|font_size:14px|text_align:left|color:%23d33317|line_height:100%25&#8243; use_theme_fonts=&#8220;yes&#8220;][vc_custom_heading text=&#8220;AP128&#8243; font_container=&#8220;tag:h1|font_size:45px|text_align:left|color:%23373737|line_height:100%25&#8243; use_theme_fonts=&#8220;yes&#8220; el_class=&#8220;titleMAIN&#8220;][vc_custom_heading text=&#8220;FUNK-ALARMANLAGE MIT ZWEIFREQUENZ-\u00dcBERWACHUNG MIT VERDRAHTETEN EING\u00c4NGEN, SERIELLEM BUS, VORBEREITET F\u00dcR GSM&#8220; font_container=&#8220;tag:h2|font_size:30|text_align:left|color:%23d33317|line_height:100%25&#8243; use_theme_fonts=&#8220;yes&#8220; el_class=&#8220;titleSUB&#8220;][vc_empty_space height=&#8220;30px&#8220;][vc_separator][vc_empty_space height=&#8220;30px&#8220;][vc_row_inner][vc_column_inner width=&#8220;1\/2&#8243;][vc_gallery type=&#8220;image_grid&#8220; images=&#8220;75778&#8243; img_size=&#8220;full&#8220;][vc_empty_space height=&#8220;30px&#8220;][\/vc_column_inner][vc_column_inner width=&#8220;1\/2&#8243;][vc_custom_heading text=&#8220;Technische Details&#8220; font_container=&#8220;tag:h5|text_align:left&#8220; use_theme_fonts=&#8220;yes&#8220; el_class=&#8220;titleMAINSMALL&#8220;][vc_column_text] Betriebsspannung: 230 VCA \u00b1 10% 50Hz [&hellip;]<\/p>\n","protected":false},"author":1,"featured_media":0,"parent":76599,"menu_order":0,"comment_status":"closed","ping_status":"closed","template":"","meta":{"footnotes":""},"acf":[],"_links":{"self":[{"href":"https:\/\/www.vimacsecurity.com\/de\/wp-json\/wp\/v2\/pages\/76600"}],"collection":[{"href":"https:\/\/www.vimacsecurity.com\/de\/wp-json\/wp\/v2\/pages"}],"about":[{"href":"https:\/\/www.vimacsecurity.com\/de\/wp-json\/wp\/v2\/types\/page"}],"author":[{"embeddable":true,"href":"https:\/\/www.vimacsecurity.com\/de\/wp-json\/wp\/v2\/users\/1"}],"replies":[{"embeddable":true,"href":"https:\/\/www.vimacsecurity.com\/de\/wp-json\/wp\/v2\/comments?post=76600"}],"version-history":[{"count":0,"href":"https:\/\/www.vimacsecurity.com\/de\/wp-json\/wp\/v2\/pages\/76600\/revisions"}],"up":[{"embeddable":true,"href":"https:\/\/www.vimacsecurity.com\/de\/wp-json\/wp\/v2\/pages\/76599"}],"wp:attachment":[{"href":"https:\/\/www.vimacsecurity.com\/de\/wp-json\/wp\/v2\/media?parent=76600"}],"curies":[{"name":"wp","href":"https:\/\/api.w.org\/{rel}","templated":true}]}}