{"id":76606,"date":"2017-07-31T10:19:36","date_gmt":"2017-07-31T08:19:36","guid":{"rendered":"http:\/\/www.vimacsecurity.com\/wp\/produktreihen\/awacs-platinum\/ap16\/"},"modified":"2018-02-09T16:03:01","modified_gmt":"2018-02-09T15:03:01","slug":"ap16","status":"publish","type":"page","link":"https:\/\/www.vimacsecurity.com\/de\/produktreihen\/awacs-platinum\/ap16\/","title":{"rendered":"ALARMANLAGE &#8211; AP16"},"content":{"rendered":"<section class=\"wpb-content-wrapper\"><p>[vc_row type=&#8220;full_width&#8220;][vc_column][rev_slider_vc alias=&#8220;slider-awacs-de&#8220;][\/vc_column][\/vc_row][vc_row type=&#8220;full_width&#8220;][vc_column][vc_empty_space height=&#8220;30px&#8220;][\/vc_column][\/vc_row][vc_row equal_height=&#8220;yes&#8220;][vc_column width=&#8220;1\/4&#8243; offset=&#8220;vc_col-lg-3 vc_col-md-3 vc_hidden-sm vc_hidden-xs&#8220;][vc_widget_sidebar sidebar_id=&#8220;vimacsecurity_sidebar_1&#8243;][\/vc_column][vc_column offset=&#8220;vc_col-lg-9 vc_col-md-9 vc_col-xs-12&#8243;][vc_custom_heading text=&#8220;ALARMANLAGE&#8220; font_container=&#8220;tag:h6|font_size:14|text_align:left|color:%23d33317|line_height:100%25&#8243; use_theme_fonts=&#8220;yes&#8220;][vc_custom_heading text=&#8220;AP16&#8243; font_container=&#8220;tag:h1|font_size:45px|text_align:left|color:%23373737|line_height:100%25&#8243; use_theme_fonts=&#8220;yes&#8220; el_class=&#8220;titleMAIN&#8220;][vc_custom_heading text=&#8220;ALARMANLAGE MIT FUNK\/DRAHT-\u00dcBERWACHUNG&#8220; font_container=&#8220;tag:h2|font_size:30|text_align:left|color:%23d33317|line_height:100%25&#8243; use_theme_fonts=&#8220;yes&#8220; el_class=&#8220;titleSUB&#8220;][vc_empty_space height=&#8220;30px&#8220;][vc_separator][vc_empty_space height=&#8220;30px&#8220;][vc_row_inner][vc_column_inner width=&#8220;1\/2&#8243;][vc_gallery type=&#8220;image_grid&#8220; images=&#8220;75776&#8243; img_size=&#8220;full&#8220;][vc_empty_space height=&#8220;30px&#8220;][\/vc_column_inner][vc_column_inner width=&#8220;1\/2&#8243;][vc_custom_heading text=&#8220;Technische Details&#8220; font_container=&#8220;tag:h5|text_align:left&#8220; use_theme_fonts=&#8220;yes&#8220; el_class=&#8220;titleMAINSMALL&#8220;][vc_column_text]<\/p>\n<ul>\n<li>Betriebsspannung: 230 VCA \u00b1 10% 50Hz<\/li>\n<li>Vom Speiser bereitgestellter Strom: 0,8 A mit 13,6 VCC<\/li>\n<li>Aufnahme: 120 mA (max)<\/li>\n<li>\u00dcberlagerungsempf\u00e4nger, Frequenz: 433,42 \/ 434,42 Mhz<\/li>\n<li>Alarmrelais: 3 Kontakte 5 A<\/li>\n<li>Verwendbare Batterie: 12V &#8211; 2Ah<\/li>\n<li>Betriebstemperatur: von 0\u00b0 bis +40\u00b0 C<\/li>\n<li>Abmessungen: 285 x 200 x 60 mm<\/li>\n<li>Geh\u00e4use: lackiertes Stahlblech<\/li>\n<\/ul>\n<p>[\/vc_column_text][vc_empty_space height=&#8220;30px&#8220;][vc_column_text]<div class=\"pc_warn_box\">Um die f\u00fcr dieses Produkt erh\u00e4ltlichen Handb\u00fccher herunterzuladen, loggen Sie sich bitte ein oder registrieren Sie sich.<div class=\"pc_warn_box_btn_wrap\"><span class=\"pc_warn_box_btn pc_login_trig pc_lb_trig_50\">Login<\/span><span class=\"pc_warn_box_btn pc_registr_trig pc_lb_trig_53\">Registrieren<\/span><\/div><\/div>[\/vc_column_text][vc_empty_space height=&#8220;30px&#8220;][\/vc_column_inner][\/vc_row_inner][vc_separator][vc_empty_space height=&#8220;30px&#8220;][vc_column_text]Funk-Alarmzentrale mit einem neu geplanten Zwei-Frequenzempf\u00e4nger f\u00fcr die maximale Kommunikationssicherheit mit Satelliteneinrichtungen. Sie ist f\u00fcr kleine Anlagen bestimmt, die keine aufwendige Regelung verlangen. Kann im \u00fcberwachten Betrieb verwendet werden. Vorhanden sind: 2 verdrahtete Zonen und 14 Funkzonen, es werden bis zu 32 Funksteuerungen verwaltet. Zwei Bereiche f\u00fcr die individuelle Verwaltung der Anlage. Die verschiedenen Betriebsarten und Funktionen sind \u00fcber intuitiv gef\u00fchrte Men\u00fcs und Untermen\u00fcs sehr einfach zu programmiern.<\/p>\n<p>Selbstlernung der Funksensoren und Funksteuerungen. Einstellung f\u00fcr jeden Funkbereich des Alarmmodus: &#8222;Pfad&#8220;, &#8222;und&#8220;, &#8222;Glocke&#8220;. Event-Speicherung, Sofortanzeige der St\u00f6rungen. Erkennung und Speicherung der Breite des Funksignals f\u00fcr jeden Sensor. Erkennung und Anzeige des abgeschirmten Frequenzbereichs f\u00fcr jede Frequenz. Verschiedene Niveaus zur Wiedereinsetzung der Standarddaten. Vollst\u00e4ndige oder teilweise Eingabe \u00fcber Tastatur oder Funksteuerung.<\/p>\n<p>Die gespeicherten Sensoren k\u00f6nnen beliebig, auch gleichzeitig, den zwei Bereichen zugeordnet werden. Verwaltung der Signale f\u00fcr Vandalismus oder Notrufe durch die Funksteuerung. Mit einem optionalen Sendermodul ist die \u00dcbertragung des Anlagenstatus m\u00f6glich. Elektrische Ausg\u00e4nge f\u00fcr die Hauptzust\u00e4nde der Zentrale. Der Speicher registriert bis zu 256 Ereignisse in zeitlicher Reihenfolge, dabei werden ermittelt: Funksteuerungen, Sensoren, Zust\u00e4nde, Zeit und Art der vollst\u00e4ndigen oder teilweisen Ein-\/Ausschaltung.<br \/>\nDie maximale Entfernung f\u00fcr den Empfang der Funksignale betr\u00e4gt etwa 300 m im Freifeld, in Geb\u00e4uden h\u00e4ngt die maximale Entfernung von der Beschaffenheit der W\u00e4nde und Decken und der Raumstruktur ab.[\/vc_column_text][vc_empty_space height=&#8220;30px&#8220;][vc_separator][vc_empty_space height=&#8220;30px&#8220;][vc_custom_heading text=&#8220;Anfrage f\u00fcr weitere Informationen zu AP16&#8243; font_container=&#8220;tag:h3|font_size:30px|text_align:left|color:%23d33417|line_height:100%25&#8243; use_theme_fonts=&#8220;yes&#8220;][vc_empty_space height=&#8220;15px&#8220;][vc_column_text]M\u00f6chten Sie weitere Informationen zu diesem Produkt erhalten? F\u00fcllen Sie das tieferstehende Formular aus, unser Team wird Ihnen so rasch wie m\u00f6glich antworten.[\/vc_column_text][vc_empty_space height=&#8220;30px&#8220;]\n<div class=\"wpcf7 no-js\" id=\"wpcf7-f77474-o1\" lang=\"en-US\" dir=\"ltr\">\n<div class=\"screen-reader-response\"><p role=\"status\" aria-live=\"polite\" aria-atomic=\"true\"><\/p> <ul><\/ul><\/div>\n<form action=\"\/de\/wp-json\/wp\/v2\/pages\/76606#wpcf7-f77474-o1\" method=\"post\" class=\"wpcf7-form init\" aria-label=\"Contact form\" novalidate=\"novalidate\" data-status=\"init\">\n<div style=\"display: none;\">\n<input type=\"hidden\" name=\"_wpcf7\" value=\"77474\" \/>\n<input type=\"hidden\" name=\"_wpcf7_version\" value=\"5.7.7\" \/>\n<input type=\"hidden\" name=\"_wpcf7_locale\" value=\"en_US\" \/>\n<input type=\"hidden\" name=\"_wpcf7_unit_tag\" value=\"wpcf7-f77474-o1\" \/>\n<input type=\"hidden\" name=\"_wpcf7_container_post\" value=\"0\" \/>\n<input type=\"hidden\" name=\"_wpcf7_posted_data_hash\" value=\"\" \/>\n<\/div>\n<p>Name und Vorname (notwendig)<br \/>\n    <span class=\"wpcf7-form-control-wrap\" data-name=\"your-name\"><input size=\"40\" class=\"wpcf7-form-control wpcf7-text wpcf7-validates-as-required\" aria-required=\"true\" aria-invalid=\"false\" value=\"\" type=\"text\" name=\"your-name\" \/><\/span> <\/p>\n\n<p>Email (notwendig)<br \/>\n    <span class=\"wpcf7-form-control-wrap\" data-name=\"your-email\"><input size=\"40\" class=\"wpcf7-form-control wpcf7-text wpcf7-email wpcf7-validates-as-required wpcf7-validates-as-email\" aria-required=\"true\" aria-invalid=\"false\" value=\"\" type=\"email\" name=\"your-email\" \/><\/span> <\/p>\n\n<p>Anmerkungen<br \/>\n    <span class=\"wpcf7-form-control-wrap\" data-name=\"your-message\"><textarea cols=\"40\" rows=\"10\" class=\"wpcf7-form-control wpcf7-textarea\" aria-invalid=\"false\" name=\"your-message\"><\/textarea><\/span> <\/p>\n\n<p><span class=\"wpcf7-form-control-wrap\" data-name=\"capital-quiz\"><label><span class=\"wpcf7-quiz-label\">ANTISPAM: Welche Zahl ist gr\u00f6\u00dfer, 1 oder 2?<\/span> <input size=\"40\" class=\"wpcf7-form-control wpcf7-quiz\" id=\"qatest\" autocomplete=\"off\" aria-required=\"true\" aria-invalid=\"false\" type=\"text\" name=\"capital-quiz\" \/><\/label><input type=\"hidden\" name=\"_wpcf7_quiz_answer_capital-quiz\" value=\"8daac328f3e8309c0254e655b7947193\" \/><\/span><\/p>\n\n<p><span class=\"wpcf7-form-control-wrap\" data-name=\"your-acceptance\"><span class=\"wpcf7-form-control wpcf7-acceptance\"><span class=\"wpcf7-list-item\"><label><input type=\"checkbox\" name=\"your-acceptance\" value=\"1\" aria-invalid=\"false\" \/><span class=\"wpcf7-list-item-label\">Ich stimme der Verarbeitung meiner personenbezogenen Daten im Sinne <a href=\"http:\/\/www.vimacsecurity.com\/de\/reserved-area-and-newsletter-policy\/\" target=\"_blank\"><strong>des hier aufscheinenden Dokuments zu<\/strong><\/a>.<\/span><\/label><\/span><\/span><\/span><\/p>\n\n<p><span class=\"wpcf7-form-control-wrap\" data-name=\"your-newsletter\"><span class=\"wpcf7-form-control wpcf7-checkbox\"><span class=\"wpcf7-list-item first last\"><input type=\"checkbox\" name=\"your-newsletter[]\" value=\"Anmeldung zum Newsletter-Service Vimac Security.\" \/><span class=\"wpcf7-list-item-label\">Anmeldung zum Newsletter-Service Vimac Security.<\/span><\/span><\/span><\/span> Stimme ich der Zusendung des Newsletters  Vimac Security und der Verarbeitung meiner Daten laut <a href=\"http:\/\/www.vimacsecurity.com\/de\/reserved-area-and-newsletter-policy\/\" target=\"_blank\"><strong>des hier aufscheinenden Dokuments zu<\/strong><\/a>.<\/p>\n\n<p><input class=\"wpcf7-form-control has-spinner wpcf7-submit\" type=\"submit\" value=\"Senden\" \/><\/p><p style=\"display: none !important;\"><label>&#916;<textarea name=\"_wpcf7_ak_hp_textarea\" cols=\"45\" rows=\"8\" maxlength=\"100\"><\/textarea><\/label><input type=\"hidden\" id=\"ak_js_1\" name=\"_wpcf7_ak_js\" value=\"69\"\/><script>document.getElementById( \"ak_js_1\" ).setAttribute( \"value\", ( new Date() ).getTime() );<\/script><\/p><div class=\"wpcf7-response-output\" aria-hidden=\"true\"><\/div>\n<\/form>\n<\/div>\n[\/vc_column][\/vc_row][vc_row][vc_column][vc_empty_space height=&#8220;120px&#8220;][\/vc_column][\/vc_row]<\/p>\n<\/section>","protected":false},"excerpt":{"rendered":"<p>[vc_row type=&#8220;full_width&#8220;][vc_column][rev_slider_vc alias=&#8220;slider-awacs-de&#8220;][\/vc_column][\/vc_row][vc_row type=&#8220;full_width&#8220;][vc_column][vc_empty_space height=&#8220;30px&#8220;][\/vc_column][\/vc_row][vc_row equal_height=&#8220;yes&#8220;][vc_column width=&#8220;1\/4&#8243; offset=&#8220;vc_col-lg-3 vc_col-md-3 vc_hidden-sm vc_hidden-xs&#8220;][vc_widget_sidebar sidebar_id=&#8220;vimacsecurity_sidebar_1&#8243;][\/vc_column][vc_column offset=&#8220;vc_col-lg-9 vc_col-md-9 vc_col-xs-12&#8243;][vc_custom_heading text=&#8220;ALARMANLAGE&#8220; font_container=&#8220;tag:h6|font_size:14|text_align:left|color:%23d33317|line_height:100%25&#8243; use_theme_fonts=&#8220;yes&#8220;][vc_custom_heading text=&#8220;AP16&#8243; font_container=&#8220;tag:h1|font_size:45px|text_align:left|color:%23373737|line_height:100%25&#8243; use_theme_fonts=&#8220;yes&#8220; el_class=&#8220;titleMAIN&#8220;][vc_custom_heading text=&#8220;ALARMANLAGE MIT FUNK\/DRAHT-\u00dcBERWACHUNG&#8220; font_container=&#8220;tag:h2|font_size:30|text_align:left|color:%23d33317|line_height:100%25&#8243; use_theme_fonts=&#8220;yes&#8220; el_class=&#8220;titleSUB&#8220;][vc_empty_space height=&#8220;30px&#8220;][vc_separator][vc_empty_space height=&#8220;30px&#8220;][vc_row_inner][vc_column_inner width=&#8220;1\/2&#8243;][vc_gallery type=&#8220;image_grid&#8220; images=&#8220;75776&#8243; img_size=&#8220;full&#8220;][vc_empty_space height=&#8220;30px&#8220;][\/vc_column_inner][vc_column_inner width=&#8220;1\/2&#8243;][vc_custom_heading text=&#8220;Technische Details&#8220; font_container=&#8220;tag:h5|text_align:left&#8220; use_theme_fonts=&#8220;yes&#8220; el_class=&#8220;titleMAINSMALL&#8220;][vc_column_text] Betriebsspannung: 230 VCA \u00b1 10% 50Hz Vom Speiser bereitgestellter Strom: 0,8 A mit 13,6 [&hellip;]<\/p>\n","protected":false},"author":1,"featured_media":0,"parent":76599,"menu_order":0,"comment_status":"closed","ping_status":"closed","template":"","meta":{"footnotes":""},"acf":[],"_links":{"self":[{"href":"https:\/\/www.vimacsecurity.com\/de\/wp-json\/wp\/v2\/pages\/76606"}],"collection":[{"href":"https:\/\/www.vimacsecurity.com\/de\/wp-json\/wp\/v2\/pages"}],"about":[{"href":"https:\/\/www.vimacsecurity.com\/de\/wp-json\/wp\/v2\/types\/page"}],"author":[{"embeddable":true,"href":"https:\/\/www.vimacsecurity.com\/de\/wp-json\/wp\/v2\/users\/1"}],"replies":[{"embeddable":true,"href":"https:\/\/www.vimacsecurity.com\/de\/wp-json\/wp\/v2\/comments?post=76606"}],"version-history":[{"count":0,"href":"https:\/\/www.vimacsecurity.com\/de\/wp-json\/wp\/v2\/pages\/76606\/revisions"}],"up":[{"embeddable":true,"href":"https:\/\/www.vimacsecurity.com\/de\/wp-json\/wp\/v2\/pages\/76599"}],"wp:attachment":[{"href":"https:\/\/www.vimacsecurity.com\/de\/wp-json\/wp\/v2\/media?parent=76606"}],"curies":[{"name":"wp","href":"https:\/\/api.w.org\/{rel}","templated":true}]}}