{"id":76622,"date":"2017-08-01T11:17:06","date_gmt":"2017-08-01T09:17:06","guid":{"rendered":"http:\/\/www.vimacsecurity.com\/wp\/produktreihen\/awacs-platinum\/apr64\/"},"modified":"2018-02-09T16:16:49","modified_gmt":"2018-02-09T15:16:49","slug":"apr64","status":"publish","type":"page","link":"https:\/\/www.vimacsecurity.com\/de\/produktreihen\/awacs-platinum\/apr64\/","title":{"rendered":"ZUBEH\u00d6R &#8211; APR64"},"content":{"rendered":"<section class=\"wpb-content-wrapper\"><p>[vc_row type=&#8220;full_width&#8220;][vc_column][rev_slider_vc alias=&#8220;slider-awacs-de&#8220;][\/vc_column][\/vc_row][vc_row type=&#8220;full_width&#8220;][vc_column][vc_empty_space height=&#8220;30px&#8220;][\/vc_column][\/vc_row][vc_row equal_height=&#8220;yes&#8220;][vc_column width=&#8220;1\/4&#8243; offset=&#8220;vc_col-lg-3 vc_col-md-3 vc_hidden-sm vc_hidden-xs&#8220;][vc_widget_sidebar sidebar_id=&#8220;vimacsecurity_sidebar_1&#8243;][\/vc_column][vc_column offset=&#8220;vc_col-lg-9 vc_col-md-9 vc_col-xs-12&#8243;][vc_custom_heading text=&#8220;ZUBEH\u00d6R&#8220; font_container=&#8220;tag:h6|font_size:14|text_align:left|color:%23d33317|line_height:100%25&#8243; use_theme_fonts=&#8220;yes&#8220;][vc_custom_heading text=&#8220;APR64&#8243; font_container=&#8220;tag:h1|font_size:45px|text_align:left|color:%23373737|line_height:100%25&#8243; use_theme_fonts=&#8220;yes&#8220; el_class=&#8220;titleMAIN&#8220;][vc_custom_heading text=&#8220;\u00dcBERWACHTER FUNKEMPF\u00c4NGER MIT 64 ZONEN&#8220; font_container=&#8220;tag:h2|font_size:30|text_align:left|color:%23d33317|line_height:100%25&#8243; use_theme_fonts=&#8220;yes&#8220; el_class=&#8220;titleSUB&#8220;][vc_empty_space height=&#8220;30px&#8220;][vc_separator][vc_empty_space height=&#8220;30px&#8220;][vc_row_inner][vc_column_inner width=&#8220;1\/2&#8243;][vc_gallery type=&#8220;image_grid&#8220; images=&#8220;75791&#8243; img_size=&#8220;full&#8220;][vc_empty_space height=&#8220;30px&#8220;][\/vc_column_inner][vc_column_inner width=&#8220;1\/2&#8243;][vc_empty_space height=&#8220;30px&#8220;][vc_column_text]<div class=\"pc_warn_box\">Um die f\u00fcr dieses Produkt erh\u00e4ltlichen Handb\u00fccher herunterzuladen, loggen Sie sich bitte ein oder registrieren Sie sich.<div class=\"pc_warn_box_btn_wrap\"><span class=\"pc_warn_box_btn pc_login_trig pc_lb_trig_50\">Login<\/span><span class=\"pc_warn_box_btn pc_registr_trig pc_lb_trig_53\">Registrieren<\/span><\/div><\/div>[\/vc_column_text][vc_empty_space height=&#8220;30px&#8220;][\/vc_column_inner][\/vc_row_inner][vc_separator][vc_empty_space height=&#8220;30px&#8220;][vc_column_text]Funkempf\u00e4nger mit Mikroprozessor f\u00fcr 64 Zonen und 32 Funksteuerungen. Selbstlernfunktion der Sensoren und Funksteuerungen. Kann im \u00fcberwachten Betrieb verwendet werden. Besonders geeignet f\u00fcr den Anschluss von Funksensoren der Serie AWACS\u00ae an eine verdrahtete Anlage, wenn dies aus verschiedenen Gr\u00fcnden notwendig sein sollte. Mit den Funksteuerungen AP5 kann eine Alarmanlage ein- oder ausgeschaltet werden. Regelt Meldungen von Vandalismus oder Notrufe. Vorhanden sind ein allgemeiner Alarmausgang mit Relais, sowie 32 Impulsausg\u00e4nge Open Collector. Erkennung und Speicherung der Funksignalbreite f\u00fcr jeden Sensor. Die maximale Entfernung f\u00fcr den Empfang der Funksignale betr\u00e4gt etwa 300 m im Freifeld, in Geb\u00e4uden h\u00e4ngt die maximale Entfernung von der Beschaffenheit der W\u00e4nde und Decken und der Raumstruktur ab. M\u00f6glichkeit zum Anschluss einer externen Antenne.[\/vc_column_text][vc_empty_space height=&#8220;30px&#8220;][vc_separator][vc_empty_space height=&#8220;30px&#8220;][vc_custom_heading text=&#8220;Anfrage f\u00fcr weitere Informationen zu APR64&#8243; font_container=&#8220;tag:h3|font_size:30px|text_align:left|color:%23d33417|line_height:100%25&#8243; use_theme_fonts=&#8220;yes&#8220;][vc_empty_space height=&#8220;15px&#8220;][vc_column_text]M\u00f6chten Sie weitere Informationen zu diesem Produkt erhalten? F\u00fcllen Sie das tieferstehende Formular aus, unser Team wird Ihnen so rasch wie m\u00f6glich antworten.[\/vc_column_text][vc_empty_space height=&#8220;30px&#8220;]\n<div class=\"wpcf7 no-js\" id=\"wpcf7-f77474-o1\" lang=\"en-US\" dir=\"ltr\">\n<div class=\"screen-reader-response\"><p role=\"status\" aria-live=\"polite\" aria-atomic=\"true\"><\/p> <ul><\/ul><\/div>\n<form action=\"\/de\/wp-json\/wp\/v2\/pages\/76622#wpcf7-f77474-o1\" method=\"post\" class=\"wpcf7-form init\" aria-label=\"Contact form\" novalidate=\"novalidate\" data-status=\"init\">\n<div style=\"display: none;\">\n<input type=\"hidden\" name=\"_wpcf7\" value=\"77474\" \/>\n<input type=\"hidden\" name=\"_wpcf7_version\" value=\"5.7.7\" \/>\n<input type=\"hidden\" name=\"_wpcf7_locale\" value=\"en_US\" \/>\n<input type=\"hidden\" name=\"_wpcf7_unit_tag\" value=\"wpcf7-f77474-o1\" \/>\n<input type=\"hidden\" name=\"_wpcf7_container_post\" value=\"0\" \/>\n<input type=\"hidden\" name=\"_wpcf7_posted_data_hash\" value=\"\" \/>\n<\/div>\n<p>Name und Vorname (notwendig)<br \/>\n    <span class=\"wpcf7-form-control-wrap\" data-name=\"your-name\"><input size=\"40\" class=\"wpcf7-form-control wpcf7-text wpcf7-validates-as-required\" aria-required=\"true\" aria-invalid=\"false\" value=\"\" type=\"text\" name=\"your-name\" \/><\/span> <\/p>\n\n<p>Email (notwendig)<br \/>\n    <span class=\"wpcf7-form-control-wrap\" data-name=\"your-email\"><input size=\"40\" class=\"wpcf7-form-control wpcf7-text wpcf7-email wpcf7-validates-as-required wpcf7-validates-as-email\" aria-required=\"true\" aria-invalid=\"false\" value=\"\" type=\"email\" name=\"your-email\" \/><\/span> <\/p>\n\n<p>Anmerkungen<br \/>\n    <span class=\"wpcf7-form-control-wrap\" data-name=\"your-message\"><textarea cols=\"40\" rows=\"10\" class=\"wpcf7-form-control wpcf7-textarea\" aria-invalid=\"false\" name=\"your-message\"><\/textarea><\/span> <\/p>\n\n<p><span class=\"wpcf7-form-control-wrap\" data-name=\"capital-quiz\"><label><span class=\"wpcf7-quiz-label\">ANTISPAM: Erdbeere ist rot oder schwarz?<\/span> <input size=\"40\" class=\"wpcf7-form-control wpcf7-quiz\" id=\"qatest\" autocomplete=\"off\" aria-required=\"true\" aria-invalid=\"false\" type=\"text\" name=\"capital-quiz\" \/><\/label><input type=\"hidden\" name=\"_wpcf7_quiz_answer_capital-quiz\" value=\"90aef9e93ef7cd04f6cee73fd9b76575\" \/><\/span><\/p>\n\n<p><span class=\"wpcf7-form-control-wrap\" data-name=\"your-acceptance\"><span class=\"wpcf7-form-control wpcf7-acceptance\"><span class=\"wpcf7-list-item\"><label><input type=\"checkbox\" name=\"your-acceptance\" value=\"1\" aria-invalid=\"false\" \/><span class=\"wpcf7-list-item-label\">Ich stimme der Verarbeitung meiner personenbezogenen Daten im Sinne <a href=\"http:\/\/www.vimacsecurity.com\/de\/reserved-area-and-newsletter-policy\/\" target=\"_blank\"><strong>des hier aufscheinenden Dokuments zu<\/strong><\/a>.<\/span><\/label><\/span><\/span><\/span><\/p>\n\n<p><span class=\"wpcf7-form-control-wrap\" data-name=\"your-newsletter\"><span class=\"wpcf7-form-control wpcf7-checkbox\"><span class=\"wpcf7-list-item first last\"><input type=\"checkbox\" name=\"your-newsletter[]\" value=\"Anmeldung zum Newsletter-Service Vimac Security.\" \/><span class=\"wpcf7-list-item-label\">Anmeldung zum Newsletter-Service Vimac Security.<\/span><\/span><\/span><\/span> Stimme ich der Zusendung des Newsletters  Vimac Security und der Verarbeitung meiner Daten laut <a href=\"http:\/\/www.vimacsecurity.com\/de\/reserved-area-and-newsletter-policy\/\" target=\"_blank\"><strong>des hier aufscheinenden Dokuments zu<\/strong><\/a>.<\/p>\n\n<p><input class=\"wpcf7-form-control has-spinner wpcf7-submit\" type=\"submit\" value=\"Senden\" \/><\/p><p style=\"display: none !important;\"><label>&#916;<textarea name=\"_wpcf7_ak_hp_textarea\" cols=\"45\" rows=\"8\" maxlength=\"100\"><\/textarea><\/label><input type=\"hidden\" id=\"ak_js_1\" name=\"_wpcf7_ak_js\" value=\"212\"\/><script>document.getElementById( \"ak_js_1\" ).setAttribute( \"value\", ( new Date() ).getTime() );<\/script><\/p><div class=\"wpcf7-response-output\" aria-hidden=\"true\"><\/div>\n<\/form>\n<\/div>\n[\/vc_column][\/vc_row][vc_row][vc_column][vc_empty_space height=&#8220;120px&#8220;][\/vc_column][\/vc_row]<\/p>\n<\/section>","protected":false},"excerpt":{"rendered":"<p>[vc_row type=&#8220;full_width&#8220;][vc_column][rev_slider_vc alias=&#8220;slider-awacs-de&#8220;][\/vc_column][\/vc_row][vc_row type=&#8220;full_width&#8220;][vc_column][vc_empty_space height=&#8220;30px&#8220;][\/vc_column][\/vc_row][vc_row equal_height=&#8220;yes&#8220;][vc_column width=&#8220;1\/4&#8243; offset=&#8220;vc_col-lg-3 vc_col-md-3 vc_hidden-sm vc_hidden-xs&#8220;][vc_widget_sidebar sidebar_id=&#8220;vimacsecurity_sidebar_1&#8243;][\/vc_column][vc_column offset=&#8220;vc_col-lg-9 vc_col-md-9 vc_col-xs-12&#8243;][vc_custom_heading text=&#8220;ZUBEH\u00d6R&#8220; font_container=&#8220;tag:h6|font_size:14|text_align:left|color:%23d33317|line_height:100%25&#8243; use_theme_fonts=&#8220;yes&#8220;][vc_custom_heading text=&#8220;APR64&#8243; font_container=&#8220;tag:h1|font_size:45px|text_align:left|color:%23373737|line_height:100%25&#8243; use_theme_fonts=&#8220;yes&#8220; el_class=&#8220;titleMAIN&#8220;][vc_custom_heading text=&#8220;\u00dcBERWACHTER FUNKEMPF\u00c4NGER MIT 64 ZONEN&#8220; font_container=&#8220;tag:h2|font_size:30|text_align:left|color:%23d33317|line_height:100%25&#8243; use_theme_fonts=&#8220;yes&#8220; el_class=&#8220;titleSUB&#8220;][vc_empty_space height=&#8220;30px&#8220;][vc_separator][vc_empty_space height=&#8220;30px&#8220;][vc_row_inner][vc_column_inner width=&#8220;1\/2&#8243;][vc_gallery type=&#8220;image_grid&#8220; images=&#8220;75791&#8243; img_size=&#8220;full&#8220;][vc_empty_space height=&#8220;30px&#8220;][\/vc_column_inner][vc_column_inner width=&#8220;1\/2&#8243;][vc_empty_space height=&#8220;30px&#8220;][vc_column_text][\/vc_column_text][vc_empty_space height=&#8220;30px&#8220;][\/vc_column_inner][\/vc_row_inner][vc_separator][vc_empty_space height=&#8220;30px&#8220;][vc_column_text]Funkempf\u00e4nger mit Mikroprozessor f\u00fcr 64 Zonen und 32 Funksteuerungen. Selbstlernfunktion der Sensoren und Funksteuerungen. Kann [&hellip;]<\/p>\n","protected":false},"author":1,"featured_media":0,"parent":76599,"menu_order":0,"comment_status":"closed","ping_status":"closed","template":"","meta":{"footnotes":""},"acf":[],"_links":{"self":[{"href":"https:\/\/www.vimacsecurity.com\/de\/wp-json\/wp\/v2\/pages\/76622"}],"collection":[{"href":"https:\/\/www.vimacsecurity.com\/de\/wp-json\/wp\/v2\/pages"}],"about":[{"href":"https:\/\/www.vimacsecurity.com\/de\/wp-json\/wp\/v2\/types\/page"}],"author":[{"embeddable":true,"href":"https:\/\/www.vimacsecurity.com\/de\/wp-json\/wp\/v2\/users\/1"}],"replies":[{"embeddable":true,"href":"https:\/\/www.vimacsecurity.com\/de\/wp-json\/wp\/v2\/comments?post=76622"}],"version-history":[{"count":0,"href":"https:\/\/www.vimacsecurity.com\/de\/wp-json\/wp\/v2\/pages\/76622\/revisions"}],"up":[{"embeddable":true,"href":"https:\/\/www.vimacsecurity.com\/de\/wp-json\/wp\/v2\/pages\/76599"}],"wp:attachment":[{"href":"https:\/\/www.vimacsecurity.com\/de\/wp-json\/wp\/v2\/media?parent=76622"}],"curies":[{"name":"wp","href":"https:\/\/api.w.org\/{rel}","templated":true}]}}