{"id":76638,"date":"2017-08-01T11:48:07","date_gmt":"2017-08-01T09:48:07","guid":{"rendered":"http:\/\/www.vimacsecurity.com\/wp\/produktreihen\/blue-sentinel\/ip5\/"},"modified":"2018-02-09T16:20:33","modified_gmt":"2018-02-09T15:20:33","slug":"ip5","status":"publish","type":"page","link":"https:\/\/www.vimacsecurity.com\/de\/produktreihen\/blue-sentinel\/ip5\/","title":{"rendered":"IP5"},"content":{"rendered":"<section class=\"wpb-content-wrapper\"><p>[vc_row type=&#8220;full_width&#8220;][vc_column][rev_slider_vc alias=&#8220;slider-bluesentinel-de&#8220;][\/vc_column][\/vc_row][vc_row type=&#8220;full_width&#8220;][vc_column][vc_empty_space height=&#8220;30px&#8220;][\/vc_column][\/vc_row][vc_row equal_height=&#8220;yes&#8220;][vc_column width=&#8220;1\/4&#8243; offset=&#8220;vc_col-lg-3 vc_col-md-3 vc_hidden-sm vc_hidden-xs&#8220;][vc_widget_sidebar sidebar_id=&#8220;vimacsecurity_sidebar_2&#8243;][\/vc_column][vc_column offset=&#8220;vc_col-lg-9 vc_col-md-9 vc_col-xs-12&#8243;][vc_custom_heading text=&#8220;SENSOR&#8220; font_container=&#8220;tag:h6|font_size:14|text_align:left|color:%23d33317|line_height:100%25&#8243; use_theme_fonts=&#8220;yes&#8220;][vc_custom_heading text=&#8220;IP5&#8243; font_container=&#8220;tag:h1|font_size:45px|text_align:left|color:%23373737|line_height:100%25&#8243; use_theme_fonts=&#8220;yes&#8220; el_class=&#8220;titleMAIN&#8220;][vc_custom_heading text=&#8220;VERDRAHTETES PASSIVES INFRAROT F\u00dcR AUSSENSCHUTZ VON INNEN&#8220; font_container=&#8220;tag:h2|font_size:30|text_align:left|color:%23d33317|line_height:100%25&#8243; use_theme_fonts=&#8220;yes&#8220; el_class=&#8220;titleSUB&#8220;][vc_empty_space height=&#8220;30px&#8220;][vc_separator][vc_empty_space height=&#8220;30px&#8220;][vc_row_inner][vc_column_inner width=&#8220;1\/2&#8243;][vc_gallery type=&#8220;image_grid&#8220; images=&#8220;75803&#8243; img_size=&#8220;full&#8220;][vc_empty_space height=&#8220;30px&#8220;][\/vc_column_inner][vc_column_inner width=&#8220;1\/2&#8243;][vc_custom_heading text=&#8220;Technische Details&#8220; font_container=&#8220;tag:h5|text_align:left&#8220; use_theme_fonts=&#8220;yes&#8220; el_class=&#8220;titleMAINSMALL&#8220;][vc_column_text]<\/p>\n<ul>\n<li>Speisung: 12 VCC<\/li>\n<li>Aufnahme im Ruhezustand: 18 uA<\/li>\n<li>Reichweite der Optik: 2 oder 5 m x 55\u00b0, 3 Zonen auf 1 Ebene<\/li>\n<li>Relaiskontakt: 1A, 24VCC<\/li>\n<li>Sabotageschalter: 0,1A, 125 VAC<\/li>\n<li>Betriebstemperatur: von 0\u00b0 bis +40\u00b0 C<\/li>\n<li>Abmessungen: 135 x 35 x 28 mm<\/li>\n<li>Geh\u00e4use: ABS, IP50<\/li>\n<\/ul>\n<p>[\/vc_column_text][vc_empty_space height=&#8220;15px&#8220;][vc_column_text]<div class=\"pc_warn_box\">Um die f\u00fcr dieses Produkt erh\u00e4ltlichen Handb\u00fccher herunterzuladen, loggen Sie sich bitte ein oder registrieren Sie sich.<div class=\"pc_warn_box_btn_wrap\"><span class=\"pc_warn_box_btn pc_login_trig pc_lb_trig_50\">Login<\/span><span class=\"pc_warn_box_btn pc_registr_trig pc_lb_trig_53\">Registrieren<\/span><\/div><\/div>[\/vc_column_text][vc_empty_space height=&#8220;30px&#8220;][\/vc_column_inner][\/vc_row_inner][vc_separator][vc_empty_space height=&#8220;30px&#8220;][vc_column_text]Passives Infrarot neuester Technologie, typischer Einsatzbereich ist der Au\u00dfenschutz von T\u00fcren, Fenstern, Glasscheiben von innen. Verwendet einen pyroelektrischen Sensor mit Doppelelement mit einer speziellen Maske und einer entsprechenden Linse, die als passive Barriere verwendet werden kann. Typische maximale Reichweite 5 m, Erkennung auf 55\u00b0 auf einer einzigen Ebene mit 3 Empfindlichkeitszonen. Die Reichweite der Optik kann von 2 m bis 5 m gew\u00e4hlt werden und die Empfindlichkeit mit zwei St\u00e4rken. Alarmanzeige \u00fcber LED.[\/vc_column_text][vc_empty_space height=&#8220;30px&#8220;][vc_separator][vc_empty_space height=&#8220;30px&#8220;][vc_custom_heading text=&#8220;Anfrage f\u00fcr weitere Informationen zu IP5&#8243; font_container=&#8220;tag:h3|font_size:30px|text_align:left|color:%23d33417|line_height:100%25&#8243; use_theme_fonts=&#8220;yes&#8220;][vc_empty_space height=&#8220;15px&#8220;][vc_column_text]M\u00f6chten Sie weitere Informationen zu diesem Produkt erhalten? F\u00fcllen Sie das tieferstehende Formular aus, unser Team wird Ihnen so rasch wie m\u00f6glich antworten.[\/vc_column_text][vc_empty_space height=&#8220;30px&#8220;]\n<div class=\"wpcf7 no-js\" id=\"wpcf7-f77474-o1\" lang=\"en-US\" dir=\"ltr\">\n<div class=\"screen-reader-response\"><p role=\"status\" aria-live=\"polite\" aria-atomic=\"true\"><\/p> <ul><\/ul><\/div>\n<form action=\"\/de\/wp-json\/wp\/v2\/pages\/76638#wpcf7-f77474-o1\" method=\"post\" class=\"wpcf7-form init\" aria-label=\"Contact form\" novalidate=\"novalidate\" data-status=\"init\">\n<div style=\"display: none;\">\n<input type=\"hidden\" name=\"_wpcf7\" value=\"77474\" \/>\n<input type=\"hidden\" name=\"_wpcf7_version\" value=\"5.7.7\" \/>\n<input type=\"hidden\" name=\"_wpcf7_locale\" value=\"en_US\" \/>\n<input type=\"hidden\" name=\"_wpcf7_unit_tag\" value=\"wpcf7-f77474-o1\" \/>\n<input type=\"hidden\" name=\"_wpcf7_container_post\" value=\"0\" \/>\n<input type=\"hidden\" name=\"_wpcf7_posted_data_hash\" value=\"\" \/>\n<\/div>\n<p>Name und Vorname (notwendig)<br \/>\n    <span class=\"wpcf7-form-control-wrap\" data-name=\"your-name\"><input size=\"40\" class=\"wpcf7-form-control wpcf7-text wpcf7-validates-as-required\" aria-required=\"true\" aria-invalid=\"false\" value=\"\" type=\"text\" name=\"your-name\" \/><\/span> <\/p>\n\n<p>Email (notwendig)<br \/>\n    <span class=\"wpcf7-form-control-wrap\" data-name=\"your-email\"><input size=\"40\" class=\"wpcf7-form-control wpcf7-text wpcf7-email wpcf7-validates-as-required wpcf7-validates-as-email\" aria-required=\"true\" aria-invalid=\"false\" value=\"\" type=\"email\" name=\"your-email\" \/><\/span> <\/p>\n\n<p>Anmerkungen<br \/>\n    <span class=\"wpcf7-form-control-wrap\" data-name=\"your-message\"><textarea cols=\"40\" rows=\"10\" class=\"wpcf7-form-control wpcf7-textarea\" aria-invalid=\"false\" name=\"your-message\"><\/textarea><\/span> <\/p>\n\n<p><span class=\"wpcf7-form-control-wrap\" data-name=\"capital-quiz\"><label><span class=\"wpcf7-quiz-label\">ANTISPAM: Erdbeere ist rot oder schwarz?<\/span> <input size=\"40\" class=\"wpcf7-form-control wpcf7-quiz\" id=\"qatest\" autocomplete=\"off\" aria-required=\"true\" aria-invalid=\"false\" type=\"text\" name=\"capital-quiz\" \/><\/label><input type=\"hidden\" name=\"_wpcf7_quiz_answer_capital-quiz\" value=\"90aef9e93ef7cd04f6cee73fd9b76575\" \/><\/span><\/p>\n\n<p><span class=\"wpcf7-form-control-wrap\" data-name=\"your-acceptance\"><span class=\"wpcf7-form-control wpcf7-acceptance\"><span class=\"wpcf7-list-item\"><label><input type=\"checkbox\" name=\"your-acceptance\" value=\"1\" aria-invalid=\"false\" \/><span class=\"wpcf7-list-item-label\">Ich stimme der Verarbeitung meiner personenbezogenen Daten im Sinne <a href=\"http:\/\/www.vimacsecurity.com\/de\/reserved-area-and-newsletter-policy\/\" target=\"_blank\"><strong>des hier aufscheinenden Dokuments zu<\/strong><\/a>.<\/span><\/label><\/span><\/span><\/span><\/p>\n\n<p><span class=\"wpcf7-form-control-wrap\" data-name=\"your-newsletter\"><span class=\"wpcf7-form-control wpcf7-checkbox\"><span class=\"wpcf7-list-item first last\"><input type=\"checkbox\" name=\"your-newsletter[]\" value=\"Anmeldung zum Newsletter-Service Vimac Security.\" \/><span class=\"wpcf7-list-item-label\">Anmeldung zum Newsletter-Service Vimac Security.<\/span><\/span><\/span><\/span> Stimme ich der Zusendung des Newsletters  Vimac Security und der Verarbeitung meiner Daten laut <a href=\"http:\/\/www.vimacsecurity.com\/de\/reserved-area-and-newsletter-policy\/\" target=\"_blank\"><strong>des hier aufscheinenden Dokuments zu<\/strong><\/a>.<\/p>\n\n<p><input class=\"wpcf7-form-control has-spinner wpcf7-submit\" type=\"submit\" value=\"Senden\" \/><\/p><p style=\"display: none !important;\"><label>&#916;<textarea name=\"_wpcf7_ak_hp_textarea\" cols=\"45\" rows=\"8\" maxlength=\"100\"><\/textarea><\/label><input type=\"hidden\" id=\"ak_js_1\" name=\"_wpcf7_ak_js\" value=\"104\"\/><script>document.getElementById( \"ak_js_1\" ).setAttribute( \"value\", ( new Date() ).getTime() );<\/script><\/p><div class=\"wpcf7-response-output\" aria-hidden=\"true\"><\/div>\n<\/form>\n<\/div>\n[\/vc_column][\/vc_row][vc_row][vc_column][vc_empty_space height=&#8220;120px&#8220;][\/vc_column][\/vc_row]<\/p>\n<\/section>","protected":false},"excerpt":{"rendered":"<p>[vc_row type=&#8220;full_width&#8220;][vc_column][rev_slider_vc alias=&#8220;slider-bluesentinel-de&#8220;][\/vc_column][\/vc_row][vc_row type=&#8220;full_width&#8220;][vc_column][vc_empty_space height=&#8220;30px&#8220;][\/vc_column][\/vc_row][vc_row equal_height=&#8220;yes&#8220;][vc_column width=&#8220;1\/4&#8243; offset=&#8220;vc_col-lg-3 vc_col-md-3 vc_hidden-sm vc_hidden-xs&#8220;][vc_widget_sidebar sidebar_id=&#8220;vimacsecurity_sidebar_2&#8243;][\/vc_column][vc_column offset=&#8220;vc_col-lg-9 vc_col-md-9 vc_col-xs-12&#8243;][vc_custom_heading text=&#8220;SENSOR&#8220; font_container=&#8220;tag:h6|font_size:14|text_align:left|color:%23d33317|line_height:100%25&#8243; use_theme_fonts=&#8220;yes&#8220;][vc_custom_heading text=&#8220;IP5&#8243; font_container=&#8220;tag:h1|font_size:45px|text_align:left|color:%23373737|line_height:100%25&#8243; use_theme_fonts=&#8220;yes&#8220; el_class=&#8220;titleMAIN&#8220;][vc_custom_heading text=&#8220;VERDRAHTETES PASSIVES INFRAROT F\u00dcR AUSSENSCHUTZ VON INNEN&#8220; font_container=&#8220;tag:h2|font_size:30|text_align:left|color:%23d33317|line_height:100%25&#8243; use_theme_fonts=&#8220;yes&#8220; el_class=&#8220;titleSUB&#8220;][vc_empty_space height=&#8220;30px&#8220;][vc_separator][vc_empty_space height=&#8220;30px&#8220;][vc_row_inner][vc_column_inner width=&#8220;1\/2&#8243;][vc_gallery type=&#8220;image_grid&#8220; images=&#8220;75803&#8243; img_size=&#8220;full&#8220;][vc_empty_space height=&#8220;30px&#8220;][\/vc_column_inner][vc_column_inner width=&#8220;1\/2&#8243;][vc_custom_heading text=&#8220;Technische Details&#8220; font_container=&#8220;tag:h5|text_align:left&#8220; use_theme_fonts=&#8220;yes&#8220; el_class=&#8220;titleMAINSMALL&#8220;][vc_column_text] Speisung: 12 VCC Aufnahme im Ruhezustand: 18 uA Reichweite der [&hellip;]<\/p>\n","protected":false},"author":1,"featured_media":0,"parent":76631,"menu_order":0,"comment_status":"closed","ping_status":"closed","template":"","meta":{"footnotes":""},"acf":[],"_links":{"self":[{"href":"https:\/\/www.vimacsecurity.com\/de\/wp-json\/wp\/v2\/pages\/76638"}],"collection":[{"href":"https:\/\/www.vimacsecurity.com\/de\/wp-json\/wp\/v2\/pages"}],"about":[{"href":"https:\/\/www.vimacsecurity.com\/de\/wp-json\/wp\/v2\/types\/page"}],"author":[{"embeddable":true,"href":"https:\/\/www.vimacsecurity.com\/de\/wp-json\/wp\/v2\/users\/1"}],"replies":[{"embeddable":true,"href":"https:\/\/www.vimacsecurity.com\/de\/wp-json\/wp\/v2\/comments?post=76638"}],"version-history":[{"count":0,"href":"https:\/\/www.vimacsecurity.com\/de\/wp-json\/wp\/v2\/pages\/76638\/revisions"}],"up":[{"embeddable":true,"href":"https:\/\/www.vimacsecurity.com\/de\/wp-json\/wp\/v2\/pages\/76631"}],"wp:attachment":[{"href":"https:\/\/www.vimacsecurity.com\/de\/wp-json\/wp\/v2\/media?parent=76638"}],"curies":[{"name":"wp","href":"https:\/\/api.w.org\/{rel}","templated":true}]}}