{"id":76640,"date":"2017-08-01T08:49:48","date_gmt":"2017-08-01T06:49:48","guid":{"rendered":"http:\/\/www.vimacsecurity.com\/wp\/registrazione-nuovo-utente\/"},"modified":"2018-01-24T16:57:03","modified_gmt":"2018-01-24T15:57:03","slug":"geschuetzter-bereich","status":"publish","type":"page","link":"https:\/\/www.vimacsecurity.com\/de\/geschuetzter-bereich\/","title":{"rendered":"Gesch\u00fctzter Bereich"},"content":{"rendered":"<section class=\"wpb-content-wrapper\"><p>[vc_row type=&#8220;full_width&#8220;][vc_column][rev_slider_vc alias=&#8220;slider-short-area-riservata&#8220;][\/vc_column][\/vc_row][vc_row type=&#8220;full_width&#8220;][vc_column][vc_empty_space height=&#8220;15px&#8220;][\/vc_column][\/vc_row][vc_row][vc_column][vc_custom_heading text=&#8220;Gesch\u00fctzter Bereich&#8220; font_container=&#8220;tag:h2|font_size:30px|text_align:left|color:%23d33317|line_height:100%25&#8243; use_theme_fonts=&#8220;yes&#8220; el_class=&#8220;innersubtitle&#8220;][vc_custom_heading text=&#8220;Registrierungsformular&#8220; font_container=&#8220;tag:h1|font_size:45px|text_align:left|color:%23373737|line_height:100%25&#8243; use_theme_fonts=&#8220;yes&#8220; el_class=&#8220;innermaintitle&#8220;][vc_column_text]Sie haben noch keine Zugangsdaten? Dann \u00fcbermitteln Sie jetzt das ausgef\u00fcllte Registrierungsformular. Das Team von Vimac Security wird Ihnen so rasch wie m\u00f6glich antworten.[\/vc_column_text][vc_empty_space height=&#8220;30px&#8220;]<div class=\"pc_aligned_form pc_falign_center\"><form id=\"pc_rf_69e2f4fc1b0de\" class=\"pvtcont_form pc_registration_form pc_fluid_form \" data-pc_cc=\"51\"  data-form-pag=\"1\" data-form-id=\"LTIzLjExMTExMTExMTExMQ==\"><fieldset class=\"pc_form_flist pc_f_pag_1  \">                    <section class=\"pc_form_field pc_text_ftype pc_f_username\" data-fname=\"username\">                        <label>Username (oder E-Mail) <sup class=\"pc_req_field\">&#10033;<\/sup><\/label>                        <div class=\"pc_field_container\">                                                        <input type=\"text\" name=\"username\" value=\"\" maxlength=\"150\" required=\"required\"  autocomplete=\"off\"  \/>                        <\/div>                    <\/section>                    <section class=\"pc_form_field pc_password_ftype pc_f_psw\" data-fname=\"psw\">                        <label>                            Passwort <sup class=\"pc_req_field\">&#10033;<\/sup>                                                    <\/label>                        <div class=\"pc_field_container\">                                                        <input type=\"password\" name=\"psw\"  value=\"\" minlength=\"6\" maxlength=\"50\" autocomplete=\"new-password\" required=\"required\" \/>                                                    <\/div>                    <\/section>                        <section class=\"pc_form_field pc_password_ftype pc_f_psw pc_psw_confirm \" data-fname=\"psw\">                            <label>Passwort wiederholen <sup class=\"pc_req_field\">&#10033;<\/sup><\/label>                            <div class=\"pc_field_container\">                                                                <input type=\"password\" name=\"check_psw\" value=\"\" minlength=\"6\" maxlength=\"50\" autocomplete=\"new-password\" required=\"required\" placeholder=\"Repeat password\" \/>                            <\/div>                        <\/section>                    <section class=\"pc_form_field pc_text_ftype pc_f_email pc_email_subtype\" data-fname=\"email\">                        <label>E-Mail <sup class=\"pc_req_field\">&#10033;<\/sup><\/label>                        <div class=\"pc_field_container\">                                                        <input type=\"email\" name=\"email\" value=\"\" maxlength=\"255\" required=\"required\"  autocomplete=\"off\"  \/>                        <\/div>                    <\/section>                    <section class=\"pc_form_field pc_text_ftype pc_f_ditta\" data-fname=\"ditta\">                        <label>Firma <\/label>                        <div class=\"pc_field_container\">                                                        <input type=\"text\" name=\"ditta\" value=\"\" maxlength=\"255\"   autocomplete=\"off\"  \/>                        <\/div>                    <\/section>                    <section class=\"pc_form_field pc_text_ftype pc_f_p-iva-o-cod-fiscale\" data-fname=\"p-iva-o-cod-fiscale\">                        <label>Steuernummer und UID-Nummer <\/label>                        <div class=\"pc_field_container\">                                                        <input type=\"text\" name=\"p-iva-o-cod-fiscale\" value=\"\" maxlength=\"255\"   autocomplete=\"off\"  \/>                        <\/div>                    <\/section>                    <section class=\"pc_form_field pc_text_ftype pc_f_name\" data-fname=\"name\">                        <label>Name <sup class=\"pc_req_field\">&#10033;<\/sup><\/label>                        <div class=\"pc_field_container\">                                                        <input type=\"text\" name=\"name\" value=\"\" maxlength=\"150\" required=\"required\"  autocomplete=\"off\"  \/>                        <\/div>                    <\/section>                    <section class=\"pc_form_field pc_text_ftype pc_f_surname\" data-fname=\"surname\">                        <label>Nachname <sup class=\"pc_req_field\">&#10033;<\/sup><\/label>                        <div class=\"pc_field_container\">                                                        <input type=\"text\" name=\"surname\" value=\"\" maxlength=\"150\" required=\"required\"  autocomplete=\"off\"  \/>                        <\/div>                    <\/section>                    <section class=\"pc_form_field pc_text_ftype pc_f_tel\" data-fname=\"tel\">                        <label>Telefon <sup class=\"pc_req_field\">&#10033;<\/sup><\/label>                        <div class=\"pc_field_container\">                                                        <input type=\"text\" name=\"tel\" value=\"\" maxlength=\"20\" required=\"required\"  autocomplete=\"off\"  \/>                        <\/div>                    <\/section>                    <section class=\"pc_form_field pc_text_ftype pc_f_fax\" data-fname=\"fax\">                        <label>Fax <\/label>                        <div class=\"pc_field_container\">                                                        <input type=\"text\" name=\"fax\" value=\"\" maxlength=\"255\"   autocomplete=\"off\"  \/>                        <\/div>                    <\/section>                    <section class=\"pc_form_field pc_text_ftype pc_f_indirizzo\" data-fname=\"indirizzo\">                        <label>Adresse <\/label>                        <div class=\"pc_field_container\">                                                        <input type=\"text\" name=\"indirizzo\" value=\"\" maxlength=\"255\"   autocomplete=\"off\"  \/>                        <\/div>                    <\/section>                    <section class=\"pc_form_field pc_text_ftype pc_f_citta\" data-fname=\"citta\">                        <label>Stadt <sup class=\"pc_req_field\">&#10033;<\/sup><\/label>                        <div class=\"pc_field_container\">                                                        <input type=\"text\" name=\"citta\" value=\"\" maxlength=\"255\" required=\"required\"  autocomplete=\"off\"  \/>                        <\/div>                    <\/section>                    <section class=\"pc_form_field pc_text_ftype pc_f_c-a-p\" data-fname=\"c-a-p\">                        <label>PLZ <\/label>                        <div class=\"pc_field_container\">                                                        <input type=\"text\" name=\"c-a-p\" value=\"\" maxlength=\"255\"   autocomplete=\"off\"  \/>                        <\/div>                    <\/section>                    <section class=\"pc_form_field pc_text_ftype pc_f_provincia\" data-fname=\"provincia\">                        <label>Provinz <\/label>                        <div class=\"pc_field_container\">                                                        <input type=\"text\" name=\"provincia\" value=\"\" maxlength=\"255\"   autocomplete=\"off\"  \/>                        <\/div>                    <\/section>                    <section class=\"pc_form_field pc_text_ftype pc_f_stato\" data-fname=\"stato\">                        <label>Land <\/label>                        <div class=\"pc_field_container\">                                                        <input type=\"text\" name=\"stato\" value=\"\" maxlength=\"255\"   autocomplete=\"off\"  \/>                        <\/div>                    <\/section>                        <section class=\"pc_form_field pc_single_checkbox_ftype pc_f_mappa pc_single_check\" data-fname=\"mappa\">                            <input type=\"checkbox\" name=\"mappa\" value=\"1\"   autocomplete=\"off\" \/>                            <label>Desidero essere inserito nella mappa presente all'interno della sezione rivenditori. <\/label>                        <\/section><div class=\"pc_hnpt_code\"><label for=\"pc_hnpt_1\">Antispam 1<\/label><input type=\"text\" name=\"pc_hnpt_1\" value=\"\" autocomplete=\"off\" \/><label for=\"pc_hnpt_2\">Antispam 2<\/label><input type=\"text\" name=\"pc_hnpt_2\" value=\"93\" autocomplete=\"off\" \/><label for=\"pc_hnpt_3\">Antispam 3<\/label><input type=\"text\" name=\"pc_hnpt_3\" value=\"71ed725ad3dbc4abb2d0d568d2a9622c\" autocomplete=\"off\" \/><\/div><section class=\"pc_disclaimer_f_sep pc_fullw_field\"><\/section>                        <section class=\"pc_disclaimer_f pc_fullw_field pc_form_field pc_single_checkbox_ftype pc_f_pc_disclaimer\" data-fname=\"pc_disclaimer\">                            <input type=\"checkbox\" name=\"pc_disclaimer\" value=\"1\"  required=\"required\" autocomplete=\"off\" \/>                            <div class=\"pc_disclaimer_ftxt\">Ich stimme der Verarbeitung meiner personenbezogenen Daten im Sinne des ital. Gesetzesdekrets 196\/03 zu. Durch die Registrierung auf dieser Webseite stimme ich der Zusendung des Newsletters  Vimac Security und der Verarbeitung meiner Daten laut <a href=\"http:\/\/www.vimacsecurity.com\/de\/reserved-area-and-newsletter-policy\/\" target=\"_blank\"><strong>des hier aufscheinenden Dokuments zu<\/strong><\/a>.<\/div>                        <\/section><\/fieldset><div class=\"pc_form_response pc_reg_message\"><\/div><button class=\"pc_reg_btn  \" type=\"button\">                <span class=\"pc_inner_btn\">Senden<\/span>            <\/button><\/form>            <script type=\"text\/javascript\">            (function($) {                 \"use strict\";                  if(typeof(pc_fluid_form_columnizer) != \"undefined\") {                    pc_fluid_form_columnizer();                }            })(jQuery);            <\/script><\/div>[\/vc_column][\/vc_row][vc_row][vc_column][vc_empty_space height=&#8220;120px&#8220;][\/vc_column][\/vc_row]<\/p>\n<\/section>","protected":false},"excerpt":{"rendered":"<p>[vc_row type=&#8220;full_width&#8220;][vc_column][rev_slider_vc alias=&#8220;slider-short-area-riservata&#8220;][\/vc_column][\/vc_row][vc_row type=&#8220;full_width&#8220;][vc_column][vc_empty_space height=&#8220;15px&#8220;][\/vc_column][\/vc_row][vc_row][vc_column][vc_custom_heading text=&#8220;Gesch\u00fctzter Bereich&#8220; font_container=&#8220;tag:h2|font_size:30px|text_align:left|color:%23d33317|line_height:100%25&#8243; use_theme_fonts=&#8220;yes&#8220; el_class=&#8220;innersubtitle&#8220;][vc_custom_heading text=&#8220;Registrierungsformular&#8220; font_container=&#8220;tag:h1|font_size:45px|text_align:left|color:%23373737|line_height:100%25&#8243; use_theme_fonts=&#8220;yes&#8220; el_class=&#8220;innermaintitle&#8220;][vc_column_text]Sie haben noch keine Zugangsdaten? Dann \u00fcbermitteln Sie jetzt das ausgef\u00fcllte Registrierungsformular. Das Team von Vimac Security wird Ihnen so rasch wie m\u00f6glich antworten.[\/vc_column_text][vc_empty_space height=&#8220;30px&#8220;][\/vc_column][\/vc_row][vc_row][vc_column][vc_empty_space height=&#8220;120px&#8220;][\/vc_column][\/vc_row]<\/p>\n","protected":false},"author":1,"featured_media":0,"parent":0,"menu_order":0,"comment_status":"closed","ping_status":"closed","template":"","meta":{"footnotes":""},"acf":[],"_links":{"self":[{"href":"https:\/\/www.vimacsecurity.com\/de\/wp-json\/wp\/v2\/pages\/76640"}],"collection":[{"href":"https:\/\/www.vimacsecurity.com\/de\/wp-json\/wp\/v2\/pages"}],"about":[{"href":"https:\/\/www.vimacsecurity.com\/de\/wp-json\/wp\/v2\/types\/page"}],"author":[{"embeddable":true,"href":"https:\/\/www.vimacsecurity.com\/de\/wp-json\/wp\/v2\/users\/1"}],"replies":[{"embeddable":true,"href":"https:\/\/www.vimacsecurity.com\/de\/wp-json\/wp\/v2\/comments?post=76640"}],"version-history":[{"count":0,"href":"https:\/\/www.vimacsecurity.com\/de\/wp-json\/wp\/v2\/pages\/76640\/revisions"}],"wp:attachment":[{"href":"https:\/\/www.vimacsecurity.com\/de\/wp-json\/wp\/v2\/media?parent=76640"}],"curies":[{"name":"wp","href":"https:\/\/api.w.org\/{rel}","templated":true}]}}